 {"id":24,"date":"2017-08-30T19:13:12","date_gmt":"2017-08-30T19:13:12","guid":{"rendered":"https:\/\/charitablehealth.kaiserpermanente.org\/mid-atlantic-espanol\/?page_id=24"},"modified":"2025-08-22T17:59:31","modified_gmt":"2025-08-22T17:59:31","slug":"obtenga-ayuda","status":"publish","type":"page","link":"https:\/\/charitablehealth.kaiserpermanente.org\/mid-atlantic-espanol\/obtenga-ayuda\/","title":{"rendered":"Obtenga Ayuda"},"content":{"rendered":"<div class=\"wpb-content-wrapper\">[vc_row center_row=&#8221;yes&#8221; bg_type=&#8221;no_bg&#8221; bg_grad=&#8221;background: -webkit-gradient(linear, left top, left bottom, color-stop(0%, #FBFBFB), color-stop(50%, #E3E3E3), color-stop(100%, #C2C2C2));background: -moz-linear-gradient(top,#FBFBFB 0%,#E3E3E3 50%,#C2C2C2 100%);background: -webkit-linear-gradient(top,#FBFBFB 0%,#E3E3E3 50%,#C2C2C2 100%);background: -o-linear-gradient(top,#FBFBFB 0%,#E3E3E3 50%,#C2C2C2 100%);background: -ms-linear-gradient(top,#FBFBFB 0%,#E3E3E3 50%,#C2C2C2 100%);background: linear-gradient(top,#FBFBFB 0%,#E3E3E3 50%,#C2C2C2 100%);&#8221; bg_image_repeat=&#8221;no-repeat&#8221; bg_image_size=&#8221;cover&#8221; bg_img_attach=&#8221;fixed&#8221; parallax_sense=&#8221;30&#8243; animation_direction=&#8221;left-animation&#8221; animation_repeat=&#8221;repeat&#8221; bg_override=&#8221;0&#8243; parallax_content_sense=&#8221;30&#8243; fadeout_start_effect=&#8221;30&#8243; overlay_pattern_opacity=&#8221;80&#8243; seperator_type=&#8221;none_seperator&#8221; seperator_position=&#8221;top_seperator&#8221; seperator_shape_size=&#8221;40&#8243; seperator_svg_height=&#8221;60&#8243; seperator_shape_background=&#8221;#ffffff&#8221; seperator_shape_border=&#8221;none&#8221; seperator_shape_border_width=&#8221;1&#8243; icon_type=&#8221;no_icon&#8221; icon_size=&#8221;32&#8243; icon_style=&#8221;none&#8221; icon_color_border=&#8221;#333333&#8243; icon_border_size=&#8221;1&#8243; icon_border_radius=&#8221;500&#8243; icon_border_spacing=&#8221;50&#8243; img_width=&#8221;48&#8243; css=&#8221;.vc_custom_1700865045089{background-image: url(https:\/\/charitablehealth.kaiserpermanente.org\/mid-atlantic\/wp-content\/uploads\/sites\/14\/2018\/12\/p_ch_hero_get_help.jpg?id=238) !important;}&#8221; el_class=&#8221;home-widephoto hero-get-help&#8221;][vc_column][\/vc_column][\/vc_row][vc_row center_row=&#8221;yes&#8221; el_class=&#8221;block-get-help-locations&#8221;][vc_column][vc_column_text css=&#8221;&#8221;]\n<h1>Obtenga ayuda con el Community Health Coverage Program (CHCP)<\/h1>\n<p><strong>Si tiene preguntas sobre c\u00f3mo solicitar el CHCP, ll\u00e1menos sin cargo al 1-800-777-7902 (TTY 711), de lunes a viernes, de 7:30 a. m. a 9 p. m. hora del este (cerrado los d\u00edas festivos principales). Escuche las indicaciones telef\u00f3nicas y un representante en vivo estar\u00e1 disponible para ayudarle.<\/strong><\/p>\n<h3>Socios en la comunidad<\/h3>\n<h4><span style=\"text-decoration: underline\"><strong>Para solicitar el CHCP, llame a una de las ubicaciones a continuaci\u00f3n. Tendr\u00e1 que presentar la solicitud a trav\u00e9s de un navegador del CHCP para inscribirse al CHCP.<\/strong><\/span><\/h4>\n<h4><span style=\"text-decoration: underline\"><strong>Navegadores del CHCP<\/strong><\/span><\/h4>\n<p>Los navegadores del CHCP eval\u00faan e inscriben a las familias dentro del CHCP.[\/vc_column_text]<div class=\"vcex-spacing wpex-w-100 wpex-clear\" style=\"height:20px;\"><\/div>[vc_tta_accordion spacing=&#8221;5&#8243; gap=&#8221;5&#8243; active_section=&#8221;0&#8243; collapsible_all=&#8221;true&#8221;][vc_tta_section title=&#8221;Ciudad de Baltimore, condado de Baltimore, Maryland&#8221; tab_id=&#8221;1537554039530-d61a160a-2953&#8243;][vc_row_inner][vc_column_inner width=&#8221;1\/2&#8243;][vc_column_text]<strong>CASA: Maryland<\/strong><\/p>\n<p>L\u00edneas de informaci\u00f3n de salud multiling\u00fces de CASA<br \/>\nEspa\u00f1ol\/ingl\u00e9s: (301) 270-8432<br \/>\nFranc\u00e9s\/ingl\u00e9s: (240) 270-1318<br \/>\nIdiomas que se hablan: ingl\u00e9s, espa\u00f1ol, franc\u00e9s<br \/>\nServicios que se ofrecen: servicios legales, asistencia alimentaria, desarrollo de la fuerza laboral, educaci\u00f3n, acceso a la cobertura de salud y educaci\u00f3n[\/vc_column_text][\/vc_column_inner][vc_column_inner width=&#8221;1\/2&#8243;][vc_column_text]<strong>Asian American Center of Frederic<br \/>\n<\/strong><u><br \/>\n<\/u>Tel\u00e9fono: (301) 694-3355<br \/>\nIdiomas que se hablan: ingl\u00e9s, am\u00e1rico, espa\u00f1ol, farsi, coreano y otros 30 idiomas<br \/>\nServicios que se ofrecen: servicios legales, asistencia para la vivienda, asistencia alimentaria, transporte, desarrollo de la fuerza laboral, educaci\u00f3n, acceso a la cobertura de salud, salud mental y educaci\u00f3n[\/vc_column_text][\/vc_column_inner][\/vc_row_inner][vc_row_inner][vc_column_inner width=&#8221;1\/2&#8243;][vc_column_text]<strong>Acceso a la atenci\u00f3n m\u00e9dica de Maryland (Health Care Access Maryland, HCAM)<\/strong><u><br \/>\n<\/u><br \/>\nTel\u00e9fono: (410) 649-0512 ext. 3023<br \/>\nIdiomas que se hablan: ingl\u00e9s, espa\u00f1ol<br \/>\nServicios que se ofrecen: acceso a la atenci\u00f3n m\u00e9dica[\/vc_column_text][\/vc_column_inner][vc_column_inner width=&#8221;1\/2&#8243;][vc_column_text]<strong>Gobierno del condado de Baltimore<br \/>\n<\/strong><u><br \/>\n<\/u>Tel\u00e9fono: (410) 887-8632<br \/>\nIdiomas que se hablan: ingl\u00e9s y espa\u00f1ol<br \/>\nServicios ofrecidos: asistencia para la vivienda, asistencia alimentaria, transporte, desarrollo de la fuerza laboral, acceso a la cobertura de salud, salud mental y educaci\u00f3n[\/vc_column_text][\/vc_column_inner][\/vc_row_inner][\/vc_tta_section][vc_tta_section title=&#8221;Condado de Frederick, Maryland&#8221; tab_id=&#8221;1635542390436-b53d1e23-4cc9&#8243;][vc_row_inner][vc_column_inner width=&#8221;1\/2&#8243;][vc_column_text]<strong>Asian American Center of Frederic<br \/>\n<\/strong><u><br \/>\n<\/u>Tel\u00e9fono: (301) 694-3355<br \/>\nIdiomas que se hablan: ingl\u00e9s, am\u00e1rico, espa\u00f1ol, farsi, coreano y otros 30 idiomas<br \/>\nServicios que se ofrecen: servicios legales, asistencia para la vivienda, asistencia alimentaria, transporte, desarrollo de la fuerza laboral, educaci\u00f3n, acceso a la cobertura de salud, salud mental y educaci\u00f3n[\/vc_column_text][\/vc_column_inner][vc_column_inner width=&#8221;1\/2&#8243;][\/vc_column_inner][\/vc_row_inner][\/vc_tta_section][vc_tta_section title=&#8221;Condado de Howard, Maryland&#8221; tab_id=&#8221;1596488422566-d49ee78e-a913&#8243;][vc_row_inner][vc_column_inner width=&#8221;1\/2&#8243;][vc_column_text]<strong>Asian American Center of Frederick<\/strong><\/p>\n<p>Tel\u00e9fono: (301) 694-3355<br \/>\nIdiomas que se hablan: ingl\u00e9s, am\u00e1rico, espa\u00f1ol, farsi, coreano y otros 30 idiomas<br \/>\nServicios que se ofrecen: asistencia para la vivienda, asistencia alimentaria, transporte, desarrollo de la fuerza laboral, acceso a la cobertura de salud, salud mental y educaci\u00f3n[\/vc_column_text][\/vc_column_inner][vc_column_inner width=&#8221;1\/2&#8243;][\/vc_column_inner][\/vc_row_inner][\/vc_tta_section][vc_tta_section title=&#8221;Condado de Montgomery, Maryland&#8221; tab_id=&#8221;1635542396150-510338bc-37a7&#8243;][vc_row_inner][vc_column_inner width=&#8221;1\/2&#8243;][vc_column_text]<strong>CASA: Maryland<\/strong><\/p>\n<p>L\u00edneas de informaci\u00f3n de salud multiling\u00fces de CASA<br \/>\nEspa\u00f1ol\/ingl\u00e9s: (301) 270-8432<br \/>\nFranc\u00e9s\/ingl\u00e9s: (240) 270-1318<br \/>\nIdiomas que se hablan: ingl\u00e9s, espa\u00f1ol, franc\u00e9s<br \/>\nServicios que se ofrecen: servicios legales, asistencia alimentaria, desarrollo de la fuerza laboral, educaci\u00f3n, acceso a la cobertura de salud y educaci\u00f3n[\/vc_column_text][\/vc_column_inner][vc_column_inner width=&#8221;1\/2&#8243;][vc_column_text]<strong>Asian American Center of Frederick<\/strong><\/p>\n<p>Tel\u00e9fono: (301) 694-3355<br \/>\nIdiomas que se hablan: ingl\u00e9s, am\u00e1rico, espa\u00f1ol, farsi, coreano y otros 30 idiomas<br \/>\nServicios que se ofrecen: asistencia para la vivienda, asistencia alimentaria, transporte, desarrollo de la fuerza laboral, acceso a la cobertura de salud, salud mental y educaci\u00f3n[\/vc_column_text][\/vc_column_inner][\/vc_row_inner][vc_row_inner][vc_column_inner width=&#8221;1\/2&#8243;][vc_column_text]<strong>Programa de salud para afroamericanos (African American Health Program) de McFarland Associates <\/strong><\/p>\n<p>Tel\u00e9fono: (240) 777-1833 o (240) 773-0396<br \/>\nTel\u00e9fono celular: (301) 233-2459<br \/>\nIdiomas que se hablan: ingl\u00e9s, franc\u00e9s<br \/>\nServicios que se ofrecen: acceso a la cobertura de salud[\/vc_column_text][\/vc_column_inner][vc_column_inner width=&#8221;1\/2&#8243;][vc_column_text]<strong>Salud comunitaria y empoderamiento a trav\u00e9s de la educaci\u00f3n y la investigaci\u00f3n (Community Health and Empowerment through Education and Research, CHEER)<\/strong><\/p>\n<p>Tel\u00e9fono: (301) 589-3633<br \/>\nIdiomas que se hablan: ingl\u00e9s, espa\u00f1ol<br \/>\nServicios que se ofrecen: desarrollo juvenil, vivienda, acceso a la cobertura de salud y desarrollo comunitario[\/vc_column_text][\/vc_column_inner][\/vc_row_inner][\/vc_tta_section][vc_tta_section title=&#8221;Condado de Prince George, Maryland&#8221; tab_id=&#8221;1537554316381-c41d1014-ca92&#8243;][vc_row_inner][vc_column_inner width=&#8221;1\/2&#8243;][vc_column_text]<strong>CASA: Maryland<\/strong><\/p>\n<p>L\u00edneas de informaci\u00f3n de salud multiling\u00fces de CASA<br \/>\nEspa\u00f1ol\/ingl\u00e9s: (301) 270-8432<br \/>\nFranc\u00e9s\/ingl\u00e9s: (240) 270-1318<br \/>\nIdiomas que se hablan: ingl\u00e9s, espa\u00f1ol, franc\u00e9s<br \/>\nServicios que se ofrecen: servicios legales, asistencia alimentaria, desarrollo de la fuerza laboral, educaci\u00f3n, acceso a la cobertura de salud y educaci\u00f3n[\/vc_column_text][\/vc_column_inner][vc_column_inner width=&#8221;1\/2&#8243;][vc_column_text]<strong>Razones por las que todos los ni\u00f1os soportan para siempre (Reasons All Children Endure for Ever, RACE4EVER)<\/strong><\/p>\n<p>Persona de contacto: Yessi Woldu<br \/>\nCorreo electr\u00f3nico: ybwoldu@gmail.com<br \/>\nIdiomas que se hablan: ingl\u00e9s, am\u00e1rico<br \/>\nServicios que se ofrecen\/\u00e1reas comunes de enfoque: asistencia para la vivienda, asistencia alimentaria, desarrollo de la fuerza laboral, salud mental y educaci\u00f3n[\/vc_column_text][\/vc_column_inner][\/vc_row_inner][vc_row_inner][vc_column_inner width=&#8221;1\/2&#8243;][vc_column_text]<strong>Asian American Center of Frederick<\/strong><\/p>\n<p>Tel\u00e9fono: (301) 694-3355<br \/>\nIdiomas que se hablan: ingl\u00e9s, am\u00e1rico, espa\u00f1ol, farsi, coreano y otros 30 idiomas<br \/>\nServicios que se ofrecen: asistencia para la vivienda, asistencia alimentaria, transporte, desarrollo de la fuerza laboral, acceso a la cobertura de salud, salud mental y educaci\u00f3n[\/vc_column_text][\/vc_column_inner][vc_column_inner width=&#8221;1\/2&#8243;][\/vc_column_inner][\/vc_row_inner][\/vc_tta_section][vc_tta_section title=&#8221;Condado de Arlington, Virginia&#8221; tab_id=&#8221;1596488608855-d90eaee5-fe5b&#8221;][vc_row_inner][vc_column_inner width=&#8221;1\/2&#8243;][vc_column_text]<strong>CASA: Virginia<\/strong><\/p>\n<p>L\u00edneas de informaci\u00f3n de salud multiling\u00fces de CASA<br \/>\nEspa\u00f1ol\/ingl\u00e9s: (301) 270-8432<br \/>\nFranc\u00e9s\/ingl\u00e9s: (240) 270-1318<br \/>\nIdiomas que se hablan: ingl\u00e9s, espa\u00f1ol, franc\u00e9s<br \/>\nServicios que se ofrecen: servicios legales, asistencia alimentaria, desarrollo de la fuerza laboral, educaci\u00f3n, acceso a la cobertura de salud y educaci\u00f3n[\/vc_column_text][\/vc_column_inner][vc_column_inner width=&#8221;1\/2&#8243;][\/vc_column_inner][\/vc_row_inner][\/vc_tta_section][vc_tta_section title=&#8221;Ciudad de Alexandria, Virginia&#8221; tab_id=&#8221;1537554636244-05d90e77-5398&#8243;][vc_row_inner][vc_column_inner width=&#8221;1\/2&#8243;][vc_column_text]<strong>Ciudad de Alexandria: Departamento de Servicios Comunitarios y Humanos (Department of Community and Human Services, DCHS)<\/strong><\/p>\n<p>Tel\u00e9fono: (703) 746-5700<br \/>\nIdiomas que se hablan: ingl\u00e9s, am\u00e1rico, espa\u00f1ol<br \/>\nServicios que se ofrecen: asistencia para la vivienda, asistencia alimentaria, transporte, desarrollo de la fuerza laboral, acceso a la cobertura de salud y salud mental[\/vc_column_text][\/vc_column_inner][vc_column_inner width=&#8221;1\/2&#8243;][\/vc_column_inner][\/vc_row_inner][\/vc_tta_section][vc_tta_section title=&#8221;Fairfax, Virginia&#8221; tab_id=&#8221;1596488730487-ef5145de-3fdc&#8221;][vc_row_inner][vc_column_inner width=&#8221;1\/2&#8243;][vc_column_text]<strong>CASA: Virginia<\/strong><\/p>\n<p>L\u00edneas de informaci\u00f3n de salud multiling\u00fces de CASA<br \/>\nEspa\u00f1ol\/ingl\u00e9s: (301) 270-8432<br \/>\nFranc\u00e9s\/ingl\u00e9s: (240) 270-1318<br \/>\nIdiomas que se hablan: Ingl\u00e9s, espa\u00f1ol, franc\u00e9s<br \/>\nServicios que se ofrecen: servicios legales, asistencia alimentaria, desarrollo de la fuerza laboral, educaci\u00f3n, acceso a la cobertura de salud y educaci\u00f3n[\/vc_column_text][\/vc_column_inner][vc_column_inner width=&#8221;1\/2&#8243;][vc_column_text]<strong>Razones por las que todos los ni\u00f1os soportan para siempre (RACE4EVER)<\/strong><\/p>\n<p>Persona de contacto: Yessi Woldu<br \/>\nCorreo electr\u00f3nico: ybwoldu@gmail.com<br \/>\nIdiomas que se hablan: ingl\u00e9s, am\u00e1rico<br \/>\nServicios que se ofrecen\/\u00e1reas comunes de enfoque: asistencia para la vivienda, asistencia alimentaria, desarrollo de la fuerza laboral, salud mental y educaci\u00f3n[\/vc_column_text][\/vc_column_inner][\/vc_row_inner][vc_row_inner][vc_column_inner width=&#8221;1\/2&#8243;][vc_column_text]<strong>Nakasec (Hamkae Center): VA<\/strong><\/p>\n<p>Tel\u00e9fono: (703) 256-2208<br \/>\nIdiomas que se hablan: ingl\u00e9s, coreano, vietnamita, tagalo<br \/>\nServicios ofrecidos\/\u00c1reas comunes de enfoque: servicios legales y educaci\u00f3n[\/vc_column_text][\/vc_column_inner][vc_column_inner width=&#8221;1\/2&#8243;][vc_column_text]<strong>Dar Al-Hijrah Islamic Center<\/strong><\/p>\n<p>Tel\u00e9fono: (703) 536-1030<br \/>\nIdiomas que se hablan: ingl\u00e9s, \u00e1rabe<br \/>\nServicios que se ofrecen: asistencia para la vivienda, asistencia alimentaria, transporte y desarrollo de la fuerza laboral[\/vc_column_text][\/vc_column_inner][\/vc_row_inner][vc_row_inner][vc_column_inner width=&#8221;1\/2&#8243;][vc_column_text]<strong>INOVA: Conexi\u00f3n de atenci\u00f3n para ni\u00f1os<\/strong><\/p>\n<p>Tel\u00e9fono: (703) 698-2450<br \/>\nIdiomas que se hablan: ingl\u00e9s, espa\u00f1ol<br \/>\nServicios que se ofrecen\/\u00c1reas comunes de enfoque: acceso a la cobertura de salud[\/vc_column_text][\/vc_column_inner][vc_column_inner width=&#8221;1\/2&#8243;][\/vc_column_inner][\/vc_row_inner][\/vc_tta_section][vc_tta_section title=&#8221;Condado Loudoun, Virginia&#8221; tab_id=&#8221;1537554671960-a710a438-3bf0&#8243;][vc_row_inner][vc_column_inner width=&#8221;1\/2&#8243;][vc_column_text]<strong>Loudoun Free Clinic<\/strong><\/p>\n<p>Tel\u00e9fono: (703) 779-5430<br \/>\nIdiomas que se hablan: ingl\u00e9s, espa\u00f1ol<br \/>\nServicios que se ofrecen\/\u00c1reas comunes de enfoque: acceso a la cobertura de salud[\/vc_column_text][\/vc_column_inner][vc_column_inner width=&#8221;1\/2&#8243;][vc_column_text]<strong>CASA: Virginia<\/strong><\/p>\n<p>L\u00edneas de informaci\u00f3n de salud multiling\u00fces de CASA<br \/>\nEspa\u00f1ol\/ingl\u00e9s: (301) 270-8432<br \/>\nFranc\u00e9s\/ingl\u00e9s: (240) 270-1318<br \/>\nIdiomas que se hablan: Ingl\u00e9s, espa\u00f1ol, franc\u00e9s<br \/>\nServicios que se ofrecen: servicios legales, asistencia alimentaria, desarrollo de la fuerza laboral, educaci\u00f3n, acceso a la cobertura de salud y educaci\u00f3n[\/vc_column_text][\/vc_column_inner][\/vc_row_inner][\/vc_tta_section][vc_tta_section title=&#8221;Condado de Prince William, Virginia&#8221; tab_id=&#8221;1635543967704-47daf101-c0ef&#8221;][vc_row_inner][vc_column_inner width=&#8221;1\/2&#8243;][vc_column_text]<strong>Nakasec (Hamkae Center): VA<\/strong><\/p>\n<p>Tel\u00e9fono: (703) 256-2208<br \/>\nIdiomas que se hablan: ingl\u00e9s, coreano, vietnamita, tagalo<br \/>\nServicios ofrecidos\/\u00c1reas comunes de enfoque: servicios legales y educaci\u00f3n[\/vc_column_text][\/vc_column_inner][vc_column_inner width=&#8221;1\/2&#8243;][vc_column_text]<strong>CASA: Virginia<\/strong><\/p>\n<p>L\u00edneas de informaci\u00f3n de salud multiling\u00fces de CASA<br \/>\nEspa\u00f1ol\/ingl\u00e9s: (301) 270-8432<br \/>\nFranc\u00e9s\/ingl\u00e9s: (240) 270-1318<br \/>\nIdiomas que se hablan: Ingl\u00e9s, espa\u00f1ol, franc\u00e9s<br \/>\nServicios que se ofrecen: servicios legales, asistencia alimentaria, desarrollo de la fuerza laboral, educaci\u00f3n, acceso a la cobertura de salud y educaci\u00f3n[\/vc_column_text][\/vc_column_inner][\/vc_row_inner][vc_row_inner][vc_column_inner width=&#8221;1\/2&#8243;][vc_column_text]<strong>INOVA: Conexi\u00f3n de atenci\u00f3n para ni\u00f1os<\/strong><\/p>\n<p>Tel\u00e9fono: (703) 698-2450<br \/>\nIdiomas que se hablan: ingl\u00e9s, espa\u00f1ol<br \/>\nServicios que se ofrecen\/\u00c1reas comunes de enfoque: acceso a la cobertura de salud[\/vc_column_text][\/vc_column_inner][vc_column_inner width=&#8221;1\/2&#8243;][\/vc_column_inner][\/vc_row_inner][\/vc_tta_section][\/vc_tta_accordion][\/vc_column][\/vc_row]\n<\/div>","protected":false},"excerpt":{"rendered":"<p>[vc_row center_row=&#8221;yes&#8221; bg_type=&#8221;no_bg&#8221; bg_grad=&#8221;background: -webkit-gradient(linear, left top, left bottom, color-stop(0%, #FBFBFB), color-stop(50%, #E3E3E3), color-stop(100%, #C2C2C2));background: -moz-linear-gradient(top,#FBFBFB 0%,#E3E3E3 50%,#C2C2C2 100%);background: -webkit-linear-gradient(top,#FBFBFB 0%,#E3E3E3 50%,#C2C2C2 100%);background: -o-linear-gradient(top,#FBFBFB 0%,#E3E3E3 50%,#C2C2C2 100%);background: -ms-linear-gradient(top,#FBFBFB 0%,#E3E3E3 50%,#C2C2C2 100%);background: linear-gradient(top,#FBFBFB 0%,#E3E3E3 50%,#C2C2C2 100%);&#8221; bg_image_repeat=&#8221;no-repeat&#8221; bg_image_size=&#8221;cover&#8221; bg_img_attach=&#8221;fixed&#8221; parallax_sense=&#8221;30&#8243; animation_direction=&#8221;left-animation&#8221; animation_repeat=&#8221;repeat&#8221; bg_override=&#8221;0&#8243; parallax_content_sense=&#8221;30&#8243; fadeout_start_effect=&#8221;30&#8243; overlay_pattern_opacity=&#8221;80&#8243; seperator_type=&#8221;none_seperator&#8221; seperator_position=&#8221;top_seperator&#8221; seperator_shape_size=&#8221;40&#8243; seperator_svg_height=&#8221;60&#8243; seperator_shape_background=&#8221;#ffffff&#8221; seperator_shape_border=&#8221;none&#8221; seperator_shape_border_width=&#8221;1&#8243; icon_type=&#8221;no_icon&#8221; icon_size=&#8221;32&#8243; icon_style=&#8221;none&#8221;&hellip;<\/p>\n","protected":false},"author":2,"featured_media":0,"parent":0,"menu_order":0,"comment_status":"closed","ping_status":"closed","template":"","meta":{"inline_featured_image":false,"footnotes":""},"class_list":["post-24","page","type-page","status-publish","hentry","entry","no-media"],"_links":{"self":[{"href":"https:\/\/charitablehealth.kaiserpermanente.org\/mid-atlantic-espanol\/wp-json\/wp\/v2\/pages\/24","targetHints":{"allow":["GET"]}}],"collection":[{"href":"https:\/\/charitablehealth.kaiserpermanente.org\/mid-atlantic-espanol\/wp-json\/wp\/v2\/pages"}],"about":[{"href":"https:\/\/charitablehealth.kaiserpermanente.org\/mid-atlantic-espanol\/wp-json\/wp\/v2\/types\/page"}],"author":[{"embeddable":true,"href":"https:\/\/charitablehealth.kaiserpermanente.org\/mid-atlantic-espanol\/wp-json\/wp\/v2\/users\/2"}],"replies":[{"embeddable":true,"href":"https:\/\/charitablehealth.kaiserpermanente.org\/mid-atlantic-espanol\/wp-json\/wp\/v2\/comments?post=24"}],"version-history":[{"count":0,"href":"https:\/\/charitablehealth.kaiserpermanente.org\/mid-atlantic-espanol\/wp-json\/wp\/v2\/pages\/24\/revisions"}],"wp:attachment":[{"href":"https:\/\/charitablehealth.kaiserpermanente.org\/mid-atlantic-espanol\/wp-json\/wp\/v2\/media?parent=24"}],"curies":[{"name":"wp","href":"https:\/\/api.w.org\/{rel}","templated":true}]}}