 {"id":22,"date":"2017-08-30T19:12:03","date_gmt":"2017-08-30T19:12:03","guid":{"rendered":"https:\/\/charitablehealth.kaiserpermanente.org\/mid-atlantic-espanol\/?page_id=22"},"modified":"2026-04-02T19:27:35","modified_gmt":"2026-04-02T19:27:35","slug":"elegibilidad","status":"publish","type":"page","link":"https:\/\/charitablehealth.kaiserpermanente.org\/mid-atlantic-espanol\/elegibilidad\/","title":{"rendered":"Elegibilidad"},"content":{"rendered":"<div class=\"wpb-content-wrapper\">[vc_row center_row=&#8221;yes&#8221; bg_type=&#8221;no_bg&#8221; bg_grad=&#8221;background: -webkit-gradient(linear, left top, left bottom, color-stop(0%, #FBFBFB), color-stop(50%, #E3E3E3), color-stop(100%, #C2C2C2));background: -moz-linear-gradient(top,#FBFBFB 0%,#E3E3E3 50%,#C2C2C2 100%);background: -webkit-linear-gradient(top,#FBFBFB 0%,#E3E3E3 50%,#C2C2C2 100%);background: -o-linear-gradient(top,#FBFBFB 0%,#E3E3E3 50%,#C2C2C2 100%);background: -ms-linear-gradient(top,#FBFBFB 0%,#E3E3E3 50%,#C2C2C2 100%);background: linear-gradient(top,#FBFBFB 0%,#E3E3E3 50%,#C2C2C2 100%);&#8221; bg_image_repeat=&#8221;no-repeat&#8221; bg_image_size=&#8221;cover&#8221; bg_img_attach=&#8221;fixed&#8221; parallax_sense=&#8221;30&#8243; animation_direction=&#8221;left-animation&#8221; animation_repeat=&#8221;repeat&#8221; bg_override=&#8221;0&#8243; parallax_content_sense=&#8221;30&#8243; fadeout_start_effect=&#8221;30&#8243; overlay_pattern_opacity=&#8221;80&#8243; seperator_type=&#8221;none_seperator&#8221; seperator_position=&#8221;top_seperator&#8221; seperator_shape_size=&#8221;40&#8243; seperator_svg_height=&#8221;60&#8243; seperator_shape_background=&#8221;#ffffff&#8221; seperator_shape_border=&#8221;none&#8221; seperator_shape_border_width=&#8221;1&#8243; icon_type=&#8221;no_icon&#8221; icon_size=&#8221;32&#8243; icon_style=&#8221;none&#8221; icon_color_border=&#8221;#333333&#8243; icon_border_size=&#8221;1&#8243; icon_border_radius=&#8221;500&#8243; icon_border_spacing=&#8221;50&#8243; img_width=&#8221;48&#8243; css=&#8221;.vc_custom_1700864982488{background-image: url(https:\/\/charitablehealth.kaiserpermanente.org\/mid-atlantic-espanol\/wp-content\/uploads\/sites\/16\/2022\/10\/dad-with-daughter-and-sons-playing-board-game-1600&#215;510-1.jpg?id=266) !important;}&#8221; el_class=&#8221;home-widephoto hero-eligibility&#8221;][vc_column][\/vc_column][\/vc_row][vc_row center_row=&#8221;yes&#8221; el_class=&#8221;block-gb qualify&#8221;][vc_column width=&#8221;2\/3&#8243;][vc_column_text]\n<h1>\u00bfA\u00fan soy elegible para el Community Health Coverage Program (CHCP)?<\/h1>\n<p>Es posible que re\u00fana los requisitos si cumple con lo siguiente:<\/p>\n<ul>\n<li>Viven en el \u00e1rea de servicio de Kaiser Foundation Health Plan of the Mid-Atlantic States, Inc., excepto en el Distrito de Columbia.<\/li>\n<li>Su ingreso familiar no es superior a 3 veces el nivel federal de pobreza (por ejemplo, hasta $46,950 en un hogar donde vive una sola persona o $96,450 para una familia de 4 en 2025).<\/li>\n<li>No pueden ser elegibles para otra cobertura m\u00e9dica como Medicaid, Programa de salud infantil de Maryland (Maryland Children\u2019s Health Program), Acceso familiar a la seguridad de la cobertura m\u00e9dica (Family Access to Medical Insurance Security, FAMIS), Medicare, un plan de salud patrocinado por el empleador o para asistencia financiera a trav\u00e9s de Maryland Health Connection o Virginia\u2019s Insurance Marketplace.<\/li>\n<li>En la mayor\u00eda de los casos, los hijos dependientes deben ser menores de 26\u00a0a\u00f1os.<\/li>\n<li>Las personas mayores de 21\u00a0a\u00f1os pueden recibir el subsidio del CHCP por un m\u00e1ximo de 3\u00a0a\u00f1os consecutivos. Los dependientes elegibles pueden seguir recibiendo el subsidio hasta que cumplan 21\u00a0a\u00f1os, sin importar cu\u00e1nto tiempo hayan estado en el programa.<\/li>\n<li>El subsidio del CHCP se ofrece como recurso por \u00fanica vez, y todos los miembros deben volver a solicitarlo cada a\u00f1o. Los miembros que no renueven la solicitud en a\u00f1os consecutivos perder\u00e1n la elegibilidad a futuro.<\/li>\n<\/ul>\n<table style=\"border: 1px solid #666666\">\n<tbody>\n<tr>\n<th style=\"padding: 10px\"><strong>Hogar\/Tama\u00f1o de familia<\/strong><\/th>\n<th style=\"padding: 10px\"><strong>El ingreso mensual familiar no mayor a*:<\/strong><\/th>\n<th style=\"padding: 10px\"><strong>El ingreso anual familiar no mayor a*:<\/strong><\/th>\n<\/tr>\n<tr style=\"border-bottom: 1px solid #666666;border-top: 1px solid #666666\">\n<td style=\"padding: 10px\">1<\/td>\n<td style=\"padding: 10px\">$3,990<\/td>\n<td style=\"padding: 10px\">$47,880<\/td>\n<\/tr>\n<tr>\n<td style=\"padding: 10px\">2<\/td>\n<td style=\"padding: 10px\">$5,410<\/td>\n<td style=\"padding: 10px\">$64,920<\/td>\n<\/tr>\n<tr>\n<td style=\"padding: 10px\">3<\/td>\n<td style=\"padding: 10px\">$6,830<\/td>\n<td style=\"padding: 10px\">$81,960<\/td>\n<\/tr>\n<tr>\n<td style=\"padding: 10px\">4<\/td>\n<td style=\"padding: 10px\">$8,250<\/td>\n<td style=\"padding: 10px\">$99,000<\/td>\n<\/tr>\n<tr>\n<td style=\"padding: 10px\">5<\/td>\n<td style=\"padding: 10px\">$9,670<\/td>\n<td style=\"padding: 10px\">$116,040<\/td>\n<\/tr>\n<tr>\n<td style=\"padding: 10px\">6<\/td>\n<td style=\"padding: 10px\">$11,090<\/td>\n<td style=\"padding: 10px\">$133,080<\/td>\n<\/tr>\n<\/tbody>\n<\/table>\n<p><em>*Efectivo 1\/4\/2026 \u2013 31\/3\/2027<\/em><\/p>\n<h2>\u00c1reas de servicio de Kaiser Permanente en el Atl\u00e1ntico medio<\/h2>\n<p>Usted ebe vivir en un \u00e1rea de servicio de Kaiser Permanente a fin de calificar para CHCP. Consulte nuestras \u00e1reas de servicio a continuaci\u00f3n.<\/p>\n<p>Tiene que vivir en un \u00e1rea de servicio de Kaiser Permanente para calificar para CHCP. Consulte nuestras \u00e1reas de servicio a continuaci\u00f3n.<\/p>\n<ul>\n<li><a href=\"https:\/\/vivabien.kaiserpermanente.org\/\">Haga clic aqu\u00ed para ver una lista de nuestros centros m\u00e9dicos en el Atl\u00e1ntico medio.<\/a><\/li>\n<\/ul>\n<p>Tenga en cuenta: el programa funciona en todas las \u00e1reas de servicio de Kaiser Permanente del Atl\u00e1ntico medio, excepto en Washington, DC.<\/p>\n<p><a name=\"options\"><\/a><\/p>\n<div class=\"hr-blue\"><\/div>\n[\/vc_column_text][vc_column_text el_class=&#8221;calloutbox&#8221;]Revisamos la elegibilidad de cada miembro para CHCP mediante un formulario que le enviamos de manera regular para confirmar el ingreso familiar y otra informaci\u00f3n. Si ya no cumple con nuestros requisitos de elegibilidad, se cancelar\u00e1 su afiliaci\u00f3n al CHCP. Permanecer\u00e1 inscrito en el plan KP MD Gold 0 Ded\/25 Rx Ded\/Vision o KP VA Gold 0 Ded\/Vision, pero ser\u00e1 responsable de pagar la totalidad de sus primas mensuales y sus gastos de bolsillo, a menos que nos solicite cancelar su membres\u00eda o hasta que no pague la prima completa.[\/vc_column_text][vc_column_text]\n<div class=\"hr-blue\"><\/div>\n<h2>Otras opciones de cobertura de Kaiser Permanente<\/h2>\n<p>Si no cumple con los requisitos del CHCP, podr\u00eda recibir ayuda financiera del gobierno para obtener una cobertura m\u00e9dica asequible para usted y su familia. Otras opciones de cobertura incluyen:<\/p>\n<p><strong>Maryland<\/strong><\/p>\n<ul>\n<li><strong>Considere Medicaid o el Programa de salud infantil de Maryland<\/strong>. Esta opci\u00f3n puede estar disponible si usted naci\u00f3 en los Estados Unidos, es residente legal permanente y su ingreso anual es igual o menor que el 138% del nivel federal de pobreza (por ejemplo: $21,597 para una persona o $44,367 para una familia de 4 en 2025). Kaiser Permanente es un proveedor de Medicaid y es posible que est\u00e9 disponible para usted. Visite <a href=\"https:\/\/vivabien.kaiserpermanente.org\/\">kp.org\/medicaid\/md\/es<\/a> para obtener m\u00e1s informaci\u00f3n.<\/li>\n<li><strong>Compre cobertura m\u00e9dica a trav\u00e9s de Maryland Health Connection<\/strong>. Si califica, es posible que obtenga ayuda para pagar las primas de su plan o los gastos de bolsillo. Para obtener m\u00e1s informaci\u00f3n visite <a href=\"https:\/\/www.marylandhealthconnection.gov\/es\/\" target=\"_blank\" rel=\"noopener\">marylandhealthconnection.gov\/es<\/a>.<\/li>\n<\/ul>\n<p><strong>Virginia<\/strong><\/p>\n<ul>\n<li><strong>Considere solicitar Medicaid o FAMIS.<\/strong> Esta opci\u00f3n puede estar disponible si usted naci\u00f3 en los Estados Unidos, es residente legal permanente y su ingreso anual es igual o menor que el 138% del nivel federal de pobreza (por ejemplo: $21,597 para una persona o $44,367 para una familia de 4 en 2025). Kaiser Permanente es un proveedor de Medicaid y es posible que est\u00e9 disponible para usted. Visite <a href=\"http:\/\/kp.org\/medicaid\/va\/es\">kp.org\/medicaid\/va\/es<\/a> para obtener m\u00e1s informaci\u00f3n.<\/li>\n<li><strong>Compre cobertura m\u00e9dica a trav\u00e9s de Virginia&#8217;s Insurance Marketplace.<\/strong> Si califica, es posible que obtenga ayuda para pagar las primas de su plan o los gastos de bolsillo. Para obtener m\u00e1s informaci\u00f3n, visite <a href=\"https:\/\/www.marketplace.virginia.gov\/es\/\" target=\"_blank\" rel=\"noopener\">marketplace.virginia.gov\/es<\/a>.<\/li>\n<\/ul>\n<h3>Hay otros planes disponibles<\/h3>\n<p>Si no califica para Medicaid o para los planes de intercambio de beneficios de salud, ofrecemos muchas otras opciones para ayudarle a encontrar el mejor plan para su familia. Haga clic aqu\u00ed para ver qu\u00e9 <a href=\"https:\/\/espanol.kaiserpermanente.org\/es\/maryland-virginia-washington-dc\/shop-plans\/individual-family\/plans#\/\">plan Kaiser Permanente Individual &amp; Family<\/a> se ajusta mejor a sus necesidades. Tambi\u00e9n puede llamarnos al <strong>1-800-488-3590<\/strong> (TTY <strong>711<\/strong>). Recuerde que tendr\u00e1 que pagar una prima mensual por estos planes (un monto mensual por el plan de salud).<\/p>\n<p>&nbsp;<\/p>\n<p>&nbsp;<\/p>\n<p>&nbsp;<\/p>\n<p>&nbsp;<\/p>\n<p>&nbsp;<\/p>\n<p>*No se garantiza la continuidad de la elegibilidad para CHCP. Nos reservamos el derecho de cerrar la inscripci\u00f3n o de cambiar las reglas de elegibilidad para el CHCP en cualquier momento. Si le aprueban el subsidio del CHCP, el per\u00edodo de este es limitado. Nos comunicaremos con usted m\u00e1s adelante para confirmar que todav\u00eda re\u00fane los requisitos.[\/vc_column_text][\/vc_column][vc_column width=&#8221;1\/3&#8243;]<div class=\"templatera_shortcode\"><div class=\"vc_row wpb_row vc_row-fluid wpex-relative\"><div class=\"wpb_column vc_column_container vc_col-sm-12\"><div class=\"vc_column-inner\"><div class=\"wpb_wrapper\">\n\t<div class=\"wpb_text_column wpb_content_element boxed text-center\" >\n\t\t<div class=\"wpb_wrapper\">\n\t\t\t<p><strong>\u00bfTiene preguntas sobre CHCP?<\/strong><\/p>\n<p>Ll\u00e1menos sin costo al<\/p>\n<p><strong>1-800-777-7902<\/strong> (TTY <strong>711<\/strong>)<\/p>\n<p>de lunes a viernes de 7:30 a. m. a 9 p. m. hora del este<br \/>\n(cerrado los principales d\u00edas festivos)<\/p>\n<p>Escuche las indicaciones telef\u00f3nicas. Un representante en vivo estar\u00e1 disponible para ayudarle.<\/p>\n\n\t\t<\/div>\n\t<\/div>\n<\/div><\/div><\/div><\/div><\/div>[\/vc_column][\/vc_row]\n<\/div>","protected":false},"excerpt":{"rendered":"\u00bfA\u00fan soy elegible para el Community Health Coverage Program (CHCP)? Es posible que re\u00fana los requisitos si cumple con lo siguiente: Viven en el \u00e1rea de servicio de Kaiser Foundation Health Plan of the Mid-Atlantic States, Inc., excepto en el Distrito de Columbia. Su ingreso familiar no es superior a 3 veces el nivel federal&hellip;","protected":false},"author":2,"featured_media":0,"parent":0,"menu_order":0,"comment_status":"closed","ping_status":"closed","template":"","meta":{"inline_featured_image":false,"footnotes":""},"class_list":["post-22","page","type-page","status-publish","hentry","entry","no-media"],"_links":{"self":[{"href":"https:\/\/charitablehealth.kaiserpermanente.org\/mid-atlantic-espanol\/wp-json\/wp\/v2\/pages\/22","targetHints":{"allow":["GET"]}}],"collection":[{"href":"https:\/\/charitablehealth.kaiserpermanente.org\/mid-atlantic-espanol\/wp-json\/wp\/v2\/pages"}],"about":[{"href":"https:\/\/charitablehealth.kaiserpermanente.org\/mid-atlantic-espanol\/wp-json\/wp\/v2\/types\/page"}],"author":[{"embeddable":true,"href":"https:\/\/charitablehealth.kaiserpermanente.org\/mid-atlantic-espanol\/wp-json\/wp\/v2\/users\/2"}],"replies":[{"embeddable":true,"href":"https:\/\/charitablehealth.kaiserpermanente.org\/mid-atlantic-espanol\/wp-json\/wp\/v2\/comments?post=22"}],"version-history":[{"count":0,"href":"https:\/\/charitablehealth.kaiserpermanente.org\/mid-atlantic-espanol\/wp-json\/wp\/v2\/pages\/22\/revisions"}],"wp:attachment":[{"href":"https:\/\/charitablehealth.kaiserpermanente.org\/mid-atlantic-espanol\/wp-json\/wp\/v2\/media?parent=22"}],"curies":[{"name":"wp","href":"https:\/\/api.w.org\/{rel}","templated":true}]}}