 {"id":170,"date":"2016-12-11T19:33:57","date_gmt":"2016-12-12T03:33:57","guid":{"rendered":"https:\/\/charitablehealth.kaiserpermanente.org\/espanol\/?page_id=170"},"modified":"2025-12-30T10:33:40","modified_gmt":"2025-12-30T18:33:40","slug":"test","status":"publish","type":"page","link":"https:\/\/charitablehealth.kaiserpermanente.org\/espanol\/","title":{"rendered":"El Kaiser Permanente Community Health Coverage Program (CHCP)"},"content":{"rendered":"<div class=\"wpb-content-wrapper\">[vc_row center_row=&#8221;yes&#8221; bg_type=&#8221;no_bg&#8221; bg_grad=&#8221;background: -webkit-gradient(linear, left top, left bottom, color-stop(0%, #FBFBFB), color-stop(50%, #E3E3E3), color-stop(100%, #C2C2C2));background: -moz-linear-gradient(top,#FBFBFB 0%,#E3E3E3 50%,#C2C2C2 100%);background: -webkit-linear-gradient(top,#FBFBFB 0%,#E3E3E3 50%,#C2C2C2 100%);background: -o-linear-gradient(top,#FBFBFB 0%,#E3E3E3 50%,#C2C2C2 100%);background: -ms-linear-gradient(top,#FBFBFB 0%,#E3E3E3 50%,#C2C2C2 100%);background: linear-gradient(top,#FBFBFB 0%,#E3E3E3 50%,#C2C2C2 100%);&#8221; bg_image_repeat=&#8221;no-repeat&#8221; bg_image_size=&#8221;cover&#8221; bg_img_attach=&#8221;fixed&#8221; parallax_sense=&#8221;30&#8243; animation_direction=&#8221;left-animation&#8221; animation_repeat=&#8221;repeat&#8221; bg_override=&#8221;0&#8243; parallax_content_sense=&#8221;30&#8243; fadeout_start_effect=&#8221;30&#8243; overlay_pattern_opacity=&#8221;80&#8243; seperator_type=&#8221;none_seperator&#8221; seperator_position=&#8221;top_seperator&#8221; seperator_shape_size=&#8221;40&#8243; seperator_svg_height=&#8221;60&#8243; seperator_shape_background=&#8221;#ffffff&#8221; seperator_shape_border=&#8221;none&#8221; seperator_shape_border_width=&#8221;1&#8243; icon_type=&#8221;no_icon&#8221; icon_size=&#8221;32&#8243; icon_style=&#8221;none&#8221; icon_color_border=&#8221;#333333&#8243; icon_border_size=&#8221;1&#8243; icon_border_radius=&#8221;500&#8243; icon_border_spacing=&#8221;50&#8243; img_width=&#8221;48&#8243; css=&#8221;.vc_custom_1700863565563{background-image: url(https:\/\/charitablehealth.kaiserpermanente.org\/wp-content\/uploads\/2016\/08\/iStock-514312120-1.jpg?id=107) !important;background-position: center !important;background-repeat: no-repeat !important;background-size: cover !important;}&#8221; min_height=&#8221;310px&#8221; el_class=&#8221;home-widephoto main-page&#8221;][vc_column][\/vc_column][\/vc_row][vc_row el_class=&#8221;block-select-header-bar&#8221;][vc_column][vc_column_text css=&#8221;&#8221; el_class=&#8221;block-select-header-bar&#8221;]Inf\u00f3rmese sobre el Kaiser Permanente Community Health Coverage Program (CHCP)[\/vc_column_text][vc_column_text css=&#8221;&#8221;]\n<div class=\"select-wrap\">\n<h2 class=\"choose-your-state-text\"><a class=\"menu-open-bar\" href=\"#\">Elige tu regi\u00f3n<\/a><\/h2>\n<\/div>\n<div class=\"select-menu-open-bar\">\n<ul>\n<li><a class=\"menu-close-bar\" title=\"California\" href=\"\/california-espanol\/\">California <\/a><\/li>\n<li><a class=\"menu-close-bar\" title=\"Colorado\" href=\"\/colorado-bridge-espanol\/\">Colorado <\/a><\/li>\n<li><a class=\"menu-close-bar\" title=\"Georgia\" href=\"\/georgia\">Georgia (en ingl\u00e9s)<\/a><\/li>\n<li><a href=\"\/hawaii-espanol\/\">Hawaii<\/a><\/li>\n<li><a class=\"menu-close-bar\" title=\"Maryland \/ Virginia\" href=\"\/mid-atlantic-espanol\">Maryland \/ Virginia<\/a><\/li>\n<li><a class=\"menu-close-bar\" title=\"Oregon\" href=\"https:\/\/about.kaiserpermanente.org\/community-health\/communities-we-serve\/northwest-community\/ensuring-health-access\/subsidized-care-and-coverage0\">Oregon (en ingl\u00e9s)<\/a><\/li>\n<\/ul>\n<\/div>\n[\/vc_column_text][\/vc_column][\/vc_row][vc_row center_row=&#8221;yes&#8221; bg_type=&#8221;no_bg&#8221; bg_grad=&#8221;background: -webkit-gradient(linear, left top, left bottom, color-stop(0%, #FBFBFB), color-stop(50%, #E3E3E3), color-stop(100%, #C2C2C2));background: -moz-linear-gradient(top,#FBFBFB 0%,#E3E3E3 50%,#C2C2C2 100%);background: -webkit-linear-gradient(top,#FBFBFB 0%,#E3E3E3 50%,#C2C2C2 100%);background: -o-linear-gradient(top,#FBFBFB 0%,#E3E3E3 50%,#C2C2C2 100%);background: -ms-linear-gradient(top,#FBFBFB 0%,#E3E3E3 50%,#C2C2C2 100%);background: linear-gradient(top,#FBFBFB 0%,#E3E3E3 50%,#C2C2C2 100%);&#8221; bg_image_repeat=&#8221;no-repeat&#8221; bg_image_size=&#8221;cover&#8221; bg_img_attach=&#8221;fixed&#8221; parallax_sense=&#8221;30&#8243; animation_direction=&#8221;left-animation&#8221; animation_repeat=&#8221;repeat&#8221; bg_override=&#8221;0&#8243; parallax_content_sense=&#8221;30&#8243; fadeout_start_effect=&#8221;30&#8243; overlay_pattern_opacity=&#8221;80&#8243; seperator_type=&#8221;none_seperator&#8221; seperator_position=&#8221;top_seperator&#8221; seperator_shape_size=&#8221;40&#8243; seperator_svg_height=&#8221;60&#8243; seperator_shape_background=&#8221;#ffffff&#8221; seperator_shape_border=&#8221;none&#8221; seperator_shape_border_width=&#8221;1&#8243; icon_type=&#8221;no_icon&#8221; icon_size=&#8221;32&#8243; icon_style=&#8221;none&#8221; icon_color_border=&#8221;#333333&#8243; icon_border_size=&#8221;1&#8243; icon_border_radius=&#8221;500&#8243; icon_border_spacing=&#8221;50&#8243; img_width=&#8221;48&#8243; css=&#8221;.vc_custom_1474056953498{background-position: center !important;background-repeat: no-repeat !important;background-size: cover !important;}&#8221; el_id=&#8221;home-first&#8221;][vc_column][vc_column_text css=&#8221;&#8221;]\n<h1 style=\"text-align: center;\">Un futuro saludable comienza hoy<\/h1>\n<p style=\"text-align: center;\">Creemos que todas las personas merecen una atenci\u00f3n m\u00e9dica asequible y de alta calidad. CHCP podr\u00eda ser una buena opci\u00f3n para usted.<\/p>\n[\/vc_column_text][\/vc_column][\/vc_row][vc_row full_width=&#8221;stretch_row_content&#8221; content_placement=&#8221;middle&#8221; equal_height=&#8221;yes&#8221;][vc_column width=&#8221;7\/12&#8243;][vc_raw_html css=&#8221;&#8221;]JTNDZGl2JTIwY2xhc3MlM0QlMjJyZXNwb25zaXZlLWlmcmFtZS1jb250YWluZXIlMjIlM0UlMEElM0NpZnJhbWUlMjBmcmFtZWJvcmRlciUzRCUyMjAlMjIlMjB0aXRsZSUzRCUyMnZpZGVvJTIyJTIwc3JjJTNEJTIyJTBBaHR0cHMlM0ElMkYlMkZrcC5xdW11Y2xvdWQuY29tJTJGdmlldyUyRmQxNmRzNzdzelJsSHNjZlFmb2xld0olMEElM0ZhdXRvUGxheSUzRGZhbHNlJTI2ZW1iZWQlM0R0cnVlJTI2aG9zdCUzRHdpZGdldHMlMjZhdXRvc2NhbGUlM0R0cnVlJTI2QXBwUHJvcGVydGllcy5QbGF5ZXJTaG93RW1iZWRCdXR0b24lM0R0cnVlJTIyJTIwYWxsb3dmdWxsc2NyZWVuJTNFJTNDJTJGaWZyYW1lJTNFJTBBJTNDJTJGZGl2JTNF[\/vc_raw_html][\/vc_column][vc_column width=&#8221;5\/12&#8243;][vc_column_text css=&#8221;&#8221;]<strong>\u00bfQu\u00e9 es CHCP?<\/strong><\/p>\n<p>CHCP brinda cobertura m\u00e9dica a personas y familias de bajos ingresos que no tienen acceso a otras coberturas m\u00e9dicas p\u00fablicas o privadas.<\/p>\n<p><strong>Los miembros de CHCP reciben:<\/strong><\/p>\n<ul>\n<li>Una inscripci\u00f3n en un plan de salud de Kaiser Permanente Individuals and Families<\/li>\n<li>Un subsidio de Kaiser Permanente para ayudar a pagar sus primas mensuales y la mayor\u00eda de los gastos m\u00e9dicos de su bolsillo para la mayor\u00eda de la atenci\u00f3n en los centros de Kaiser Permanente<\/li>\n<\/ul>\n<p><strong>\u00bfCalifica usted para CHCP?<\/strong><\/p>\n<p>Para calificar para CHCP, debe cumplir determinados requisitos espec\u00edficos. Por ejemplo, debe vivir en nuestra \u00e1rea de servicio y tener un ingreso dentro del rango del <a href=\"https:\/\/www.cuidadodesalud.gov\/es\/glossary\/federal-poverty-level-FPL\/\" target=\"_blank\" rel=\"noopener noreferrer\">Nivel Federal de Pobreza.<\/a>[\/vc_column_text][\/vc_column][\/vc_row][vc_row][vc_column][\/vc_column][\/vc_row][vc_row el_class=&#8221;block-select-header-bar&#8221;][vc_column][vc_column_text css=&#8221;&#8221; el_class=&#8221;block-select-header-bar&#8221;]Seleccione su estado a continuaci\u00f3n para conocer m\u00e1s sobre CHCP y los requisitos de elegibilidad en su estado.*[\/vc_column_text][vc_column_text css=&#8221;&#8221;]\n<div class=\"select-wrap\">\n<h2 class=\"choose-your-state-text\"><a class=\"menu-open-bar\" href=\"#\">Elige tu regi\u00f3n<\/a><\/h2>\n<\/div>\n<div class=\"select-menu-open-bar\">\n<ul>\n<li><a class=\"menu-close-bar\" title=\"California\" href=\"\/california-espanol\/\">California <\/a><\/li>\n<li><a class=\"menu-close-bar\" title=\"Colorado\" href=\"\/colorado-bridge-espanol\/\">Colorado <\/a><\/li>\n<li><a class=\"menu-close-bar\" title=\"Georgia\" href=\"\/georgia\">Georgia (en ingl\u00e9s)<\/a><\/li>\n<li><a href=\"\/hawaii-espanol\/\">Hawaii<\/a><\/li>\n<li><a class=\"menu-close-bar\" title=\"Maryland \/ Virginia\" href=\"\/mid-atlantic-espanol\">Maryland \/ Virginia<\/a><\/li>\n<li><a class=\"menu-close-bar\" title=\"Oregon\" href=\"https:\/\/about.kaiserpermanente.org\/community-health\/communities-we-serve\/northwest-community\/ensuring-health-access\/subsidized-care-and-coverage0\">Oregon (en ingl\u00e9s)<\/a><\/li>\n<\/ul>\n<\/div>\n[\/vc_column_text][\/vc_column][\/vc_row][vc_row center_row=&#8221;yes&#8221;][vc_column][vc_column_text css=&#8221;&#8221; el_class=&#8221;second-block&#8221;]* No se garantiza la continuidad de la elegibilidad para CHCP. Nos reservamos el derecho de cancelar su inscripci\u00f3n o de cambiar los requisitos de elegibilidad para CHCP en cualquier momento.[\/vc_column_text][\/vc_column][\/vc_row]\n<\/div>","protected":false},"excerpt":{"rendered":"<p>[vc_row center_row=&#8221;yes&#8221; bg_type=&#8221;no_bg&#8221; bg_grad=&#8221;background: -webkit-gradient(linear, left top, left bottom, color-stop(0%, #FBFBFB), color-stop(50%, #E3E3E3), color-stop(100%, #C2C2C2));background: -moz-linear-gradient(top,#FBFBFB 0%,#E3E3E3 50%,#C2C2C2 100%);background: -webkit-linear-gradient(top,#FBFBFB 0%,#E3E3E3 50%,#C2C2C2 100%);background: -o-linear-gradient(top,#FBFBFB 0%,#E3E3E3 50%,#C2C2C2 100%);background: -ms-linear-gradient(top,#FBFBFB 0%,#E3E3E3 50%,#C2C2C2 100%);background: linear-gradient(top,#FBFBFB 0%,#E3E3E3 50%,#C2C2C2 100%);&#8221; bg_image_repeat=&#8221;no-repeat&#8221; bg_image_size=&#8221;cover&#8221; bg_img_attach=&#8221;fixed&#8221; parallax_sense=&#8221;30&#8243; animation_direction=&#8221;left-animation&#8221; animation_repeat=&#8221;repeat&#8221; bg_override=&#8221;0&#8243; parallax_content_sense=&#8221;30&#8243; fadeout_start_effect=&#8221;30&#8243; overlay_pattern_opacity=&#8221;80&#8243; seperator_type=&#8221;none_seperator&#8221; seperator_position=&#8221;top_seperator&#8221; seperator_shape_size=&#8221;40&#8243; seperator_svg_height=&#8221;60&#8243; seperator_shape_background=&#8221;#ffffff&#8221; seperator_shape_border=&#8221;none&#8221; seperator_shape_border_width=&#8221;1&#8243; icon_type=&#8221;no_icon&#8221; icon_size=&#8221;32&#8243; icon_style=&#8221;none&#8221;&hellip;<\/p>\n","protected":false},"author":2,"featured_media":0,"parent":0,"menu_order":0,"comment_status":"closed","ping_status":"closed","template":"","meta":{"footnotes":""},"class_list":["post-170","page","type-page","status-publish","hentry","entry","no-media"],"_links":{"self":[{"href":"https:\/\/charitablehealth.kaiserpermanente.org\/espanol\/wp-json\/wp\/v2\/pages\/170","targetHints":{"allow":["GET"]}}],"collection":[{"href":"https:\/\/charitablehealth.kaiserpermanente.org\/espanol\/wp-json\/wp\/v2\/pages"}],"about":[{"href":"https:\/\/charitablehealth.kaiserpermanente.org\/espanol\/wp-json\/wp\/v2\/types\/page"}],"author":[{"embeddable":true,"href":"https:\/\/charitablehealth.kaiserpermanente.org\/espanol\/wp-json\/wp\/v2\/users\/2"}],"replies":[{"embeddable":true,"href":"https:\/\/charitablehealth.kaiserpermanente.org\/espanol\/wp-json\/wp\/v2\/comments?post=170"}],"version-history":[{"count":0,"href":"https:\/\/charitablehealth.kaiserpermanente.org\/espanol\/wp-json\/wp\/v2\/pages\/170\/revisions"}],"wp:attachment":[{"href":"https:\/\/charitablehealth.kaiserpermanente.org\/espanol\/wp-json\/wp\/v2\/media?parent=170"}],"curies":[{"name":"wp","href":"https:\/\/api.w.org\/{rel}","templated":true}]}}