 {"id":243,"date":"2020-05-22T13:33:08","date_gmt":"2020-05-22T20:33:08","guid":{"rendered":"https:\/\/charitablehealth.kaiserpermanente.org\/colorado-espanol\/?page_id=243"},"modified":"2025-04-25T15:26:38","modified_gmt":"2025-04-25T22:26:38","slug":"child-health-program-home-2","status":"publish","type":"page","link":"https:\/\/charitablehealth.kaiserpermanente.org\/colorado-espanol\/","title":{"rendered":"Child Health Program Home"},"content":{"rendered":"<div class=\"wpb-content-wrapper\">[vc_row center_row=&#8221;yes&#8221; bg_type=&#8221;no_bg&#8221; bg_grad=&#8221;background: -webkit-gradient(linear, left top, left bottom, color-stop(0%, #FBFBFB), color-stop(50%, #E3E3E3), color-stop(100%, #C2C2C2));background: -moz-linear-gradient(top,#FBFBFB 0%,#E3E3E3 50%,#C2C2C2 100%);background: -webkit-linear-gradient(top,#FBFBFB 0%,#E3E3E3 50%,#C2C2C2 100%);background: -o-linear-gradient(top,#FBFBFB 0%,#E3E3E3 50%,#C2C2C2 100%);background: -ms-linear-gradient(top,#FBFBFB 0%,#E3E3E3 50%,#C2C2C2 100%);background: linear-gradient(top,#FBFBFB 0%,#E3E3E3 50%,#C2C2C2 100%);&#8221; bg_image_repeat=&#8221;no-repeat&#8221; bg_image_size=&#8221;cover&#8221; bg_img_attach=&#8221;fixed&#8221; parallax_sense=&#8221;30&#8243; animation_direction=&#8221;left-animation&#8221; animation_repeat=&#8221;repeat&#8221; bg_override=&#8221;0&#8243; parallax_content_sense=&#8221;30&#8243; fadeout_start_effect=&#8221;30&#8243; overlay_pattern_opacity=&#8221;80&#8243; seperator_type=&#8221;none_seperator&#8221; seperator_position=&#8221;top_seperator&#8221; seperator_shape_size=&#8221;40&#8243; seperator_svg_height=&#8221;60&#8243; seperator_shape_background=&#8221;#ffffff&#8221; seperator_shape_border=&#8221;none&#8221; seperator_shape_border_width=&#8221;1&#8243; icon_type=&#8221;no_icon&#8221; icon_size=&#8221;32&#8243; icon_style=&#8221;none&#8221; icon_color_border=&#8221;#333333&#8243; icon_border_size=&#8221;1&#8243; icon_border_radius=&#8221;500&#8243; icon_border_spacing=&#8221;50&#8243; img_width=&#8221;48&#8243; css=&#8221;.vc_custom_1700864552010{background-image: url(https:\/\/charitablehealth.kaiserpermanente.org\/colorado-espanol\/wp-content\/uploads\/sites\/18\/2020\/04\/dad_kissing_daughter_on_cheek_2-1.jpg?id=237) !important;background-position: center !important;background-repeat: no-repeat !important;background-size: cover !important;}&#8221; el_class=&#8221;home-widephoto hero&#8221;][vc_column][\/vc_column][\/vc_row][vc_row center_row=&#8221;yes&#8221; bg_type=&#8221;no_bg&#8221; bg_grad=&#8221;background: -webkit-gradient(linear, left top, left bottom, color-stop(0%, #FBFBFB), color-stop(50%, #E3E3E3), color-stop(100%, #C2C2C2));background: -moz-linear-gradient(top,#FBFBFB 0%,#E3E3E3 50%,#C2C2C2 100%);background: -webkit-linear-gradient(top,#FBFBFB 0%,#E3E3E3 50%,#C2C2C2 100%);background: -o-linear-gradient(top,#FBFBFB 0%,#E3E3E3 50%,#C2C2C2 100%);background: -ms-linear-gradient(top,#FBFBFB 0%,#E3E3E3 50%,#C2C2C2 100%);background: linear-gradient(top,#FBFBFB 0%,#E3E3E3 50%,#C2C2C2 100%);&#8221; bg_image_repeat=&#8221;no-repeat&#8221; bg_image_size=&#8221;cover&#8221; bg_img_attach=&#8221;fixed&#8221; parallax_sense=&#8221;30&#8243; animation_direction=&#8221;left-animation&#8221; animation_repeat=&#8221;repeat&#8221; bg_override=&#8221;0&#8243; parallax_content_sense=&#8221;30&#8243; fadeout_start_effect=&#8221;30&#8243; overlay_pattern_opacity=&#8221;80&#8243; seperator_type=&#8221;none_seperator&#8221; seperator_position=&#8221;top_seperator&#8221; seperator_shape_size=&#8221;40&#8243; seperator_svg_height=&#8221;60&#8243; seperator_shape_background=&#8221;#ffffff&#8221; seperator_shape_border=&#8221;none&#8221; seperator_shape_border_width=&#8221;1&#8243; icon_type=&#8221;no_icon&#8221; icon_size=&#8221;32&#8243; icon_style=&#8221;none&#8221; icon_color_border=&#8221;#333333&#8243; icon_border_size=&#8221;1&#8243; icon_border_radius=&#8221;500&#8243; icon_border_spacing=&#8221;50&#8243; img_width=&#8221;48&#8243; css=&#8221;.vc_custom_1586152127818{background-position: center !important;background-repeat: no-repeat !important;background-size: cover !important;}&#8221; el_id=&#8221;home-first&#8221;][vc_column][vc_column_text el_class=&#8221;first-block&#8221;]\n<h1 style=\"text-align: center\">Obtenga m\u00e1s informaci\u00f3n sobre el Child Health Plan <em>Plus <\/em>y el Health<br \/>\nFirst Colorado, dos programas de <em>gobierno<\/em> disponibles en Colorado<\/h1>\n[\/vc_column_text][vc_column_text el_class=&#8221;second-block&#8221;]\n<ul>\n<li><a class=\"local-scroll\" title=\"Benefits\" href=\"#descripci\u00f3n-del-chp-plus\">Descripci\u00f3n del CHP+<\/a><\/li>\n<li><a class=\"local-scroll\" title=\"Eligibility\" href=\"#beneficios\">Beneficios del CHP+<\/a><\/li>\n<li><a class=\"local-scroll\" title=\"Members\" href=\"\/colorado-espanol\/recursos-del-chp-plus\">Recursos del CHP+<\/a><\/li>\n<li><a class=\"local-scroll\" title=\"Apply Now\" href=\"#health-first-co\">Health First CO<\/a><\/li>\n<\/ul>\n[\/vc_column_text][\/vc_column][\/vc_row][vc_row center_row=&#8221;yes&#8221; css=&#8221;.vc_custom_1700864558396{background-image: url(https:\/\/charitablehealth.kaiserpermanente.org\/colorado-espanol\/wp-content\/uploads\/sites\/18\/2020\/04\/young_boy_smiling.jpg?id=212) !important;background-position: center !important;background-repeat: no-repeat !important;background-size: cover !important;}&#8221; el_class=&#8221;widephoto row-widephoto&#8221; local_scroll_id=&#8221;descripci\u00f3n-del-chp-plus&#8221;][vc_column][vc_column_text el_class=&#8221;boxed boxedleft&#8221;]\n<h2>\u00bfQu\u00e9 es el Child Health Plan <em>Plus<\/em>?<\/h2>\n<p>El Child Health Plan\u00a0<em>Plus<\/em>\u00a0(CHP+) es un programa de salud p\u00fablica que ofrece seguro de salud y seguro dental a bajo costo para ni\u00f1os y mujeres embarazadas de Colorado que no tengan seguro y re\u00fanan los requisitos.<\/p>\n<p>El CHP+ cubre las consultas m\u00e9dicas, la atenci\u00f3n de emergencia, la atenci\u00f3n preventiva como ex\u00e1menes y vacunas, y otros procedimientos y tratamientos. El CHP+ puede brindarle ayuda para que usted y su familia est\u00e9n sanos y se mantengan saludables. Si usted re\u00fane los requisitos para el CHP+ y vive en el \u00e1rea de Denver o Boulder, es posible que Kaiser Permanente est\u00e9 disponible para ser su plan de salud.<\/p>\n<h3><a href=\"https:\/\/www.colorado.gov\/pacific\/hcpf\/how-to-apply\/\" target=\"_blank\" rel=\"noopener noreferrer\">Obtenga m\u00e1s informaci\u00f3n sobre c\u00f3mo solicitar el CHP+<\/a><\/h3>\n[\/vc_column_text][\/vc_column][\/vc_row][vc_row center_row=&#8221;yes&#8221; css=&#8221;.vc_custom_1700864564578{background-image: url(https:\/\/charitablehealth.kaiserpermanente.org\/colorado-espanol\/wp-content\/uploads\/sites\/18\/2020\/04\/young_girl_smiling.jpg?id=218) !important;background-position: center !important;background-repeat: no-repeat !important;background-size: cover !important;}&#8221; el_class=&#8221;widephoto row-widephoto content-right&#8221; local_scroll_id=&#8221;beneficios&#8221;][vc_column][vc_column_text el_class=&#8221;boxed boxedright&#8221;]\n<h2>Kaiser Permanente para su Child Health Plan\u00a0<em>Plus<\/em><\/h2>\n<p>Una vez que haya recibido la aprobaci\u00f3n para el CHP+ y Kaiser Permanente sea el proveedor de atenci\u00f3n m\u00e9dica primaria, podr\u00e1 disfrutar de mayor conveniencia y acceso a la atenci\u00f3n que necesita con estos <strong><a class=\"popmake-254\">Beneficios para Miembros de Kaiser Permanente (consulte los beneficios).<\/a><\/strong><\/p>\n<h3><a href=\"https:\/\/www.colorado.gov\/pacific\/hcpf\/how-to-apply\/\" target=\"_blank\" rel=\"noopener noreferrer\">Obtenga m\u00e1s informaci\u00f3n sobre el CHP+<\/a><\/h3>\n<h3><a href=\"https:\/\/charitablehealth.kaiserpermanente.org\/colorado\/member-resources\/\">Obtenga m\u00e1s informaci\u00f3n sobre los Recursos para Miembros del CHP+ de Kaiser Permanente<\/a><\/h3>\n<h3><a href=\"\/colorado-espanol\/recursos-del-chp-plus\/\" rel=\"noopener noreferrer\">Obtenga m\u00e1s informaci\u00f3n sobre los Recursos para las Miembros Embarazadas o Futuras Madres de Kaiser Permanente<\/a><\/h3>\n[\/vc_column_text][\/vc_column][\/vc_row][vc_row remove_bottom_col_margin=&#8221;true&#8221; center_row=&#8221;yes&#8221; css=&#8221;.vc_custom_1700864572770{background-image: url(https:\/\/charitablehealth.kaiserpermanente.org\/colorado-espanol\/wp-content\/uploads\/sites\/18\/2020\/04\/black_kid_with_glasses.jpg?id=210) !important;background-position: center !important;background-repeat: no-repeat !important;background-size: cover !important;}&#8221; el_class=&#8221;widephoto row-widephoto&#8221; local_scroll_id=&#8221;health-first-co&#8221;][vc_column][vc_column_text css=&#8221;&#8221; el_class=&#8221;boxed boxedleft applying-for-chp&#8221;]\n<h2>Qu\u00e9 es Health First Colorado<\/h2>\n<p>Health First Colorado (Programa de Medicaid de Colorado) es un programa de asistencia de salud p\u00fablica para los ciudadanos de Colorado que re\u00fanan los requisitos. Health First Colorado proporciona\u00a0<strong>cobertura<\/strong>\u00a0m\u00e9dica gratuita o de bajo costo para individuos y sus familias. Una vez que obtiene la aprobaci\u00f3n para el Health First Colorado, puede elegir un Proveedor de Atenci\u00f3n M\u00e9dica Primaria disponible en su \u00e1rea.<\/p>\n<h3><a href=\"https:\/\/espanol.kaiserpermanente.org\/es\/colorado\/shop-plans\/medicaid\/why-kp\" rel=\"noopener noreferrer\">Obtenga m\u00e1s informaci\u00f3n sobre Health First Colorado<\/a><\/h3>\n[\/vc_column_text][\/vc_column][\/vc_row]\n<\/div>","protected":false},"excerpt":{"rendered":"<p>[vc_row center_row=&#8221;yes&#8221; bg_type=&#8221;no_bg&#8221; bg_grad=&#8221;background: -webkit-gradient(linear, left top, left bottom, color-stop(0%, #FBFBFB), color-stop(50%, #E3E3E3), color-stop(100%, #C2C2C2));background: -moz-linear-gradient(top,#FBFBFB 0%,#E3E3E3 50%,#C2C2C2 100%);background: -webkit-linear-gradient(top,#FBFBFB 0%,#E3E3E3 50%,#C2C2C2 100%);background: -o-linear-gradient(top,#FBFBFB 0%,#E3E3E3 50%,#C2C2C2 100%);background: -ms-linear-gradient(top,#FBFBFB 0%,#E3E3E3 50%,#C2C2C2 100%);background: linear-gradient(top,#FBFBFB 0%,#E3E3E3 50%,#C2C2C2 100%);&#8221; bg_image_repeat=&#8221;no-repeat&#8221; bg_image_size=&#8221;cover&#8221; bg_img_attach=&#8221;fixed&#8221; parallax_sense=&#8221;30&#8243; animation_direction=&#8221;left-animation&#8221; animation_repeat=&#8221;repeat&#8221; bg_override=&#8221;0&#8243; parallax_content_sense=&#8221;30&#8243; fadeout_start_effect=&#8221;30&#8243; overlay_pattern_opacity=&#8221;80&#8243; seperator_type=&#8221;none_seperator&#8221; seperator_position=&#8221;top_seperator&#8221; seperator_shape_size=&#8221;40&#8243; seperator_svg_height=&#8221;60&#8243; seperator_shape_background=&#8221;#ffffff&#8221; seperator_shape_border=&#8221;none&#8221; seperator_shape_border_width=&#8221;1&#8243; icon_type=&#8221;no_icon&#8221; icon_size=&#8221;32&#8243; icon_style=&#8221;none&#8221;&hellip;<\/p>\n","protected":false},"author":2,"featured_media":0,"parent":0,"menu_order":0,"comment_status":"closed","ping_status":"closed","template":"","meta":{"inline_featured_image":false,"footnotes":""},"class_list":["post-243","page","type-page","status-publish","hentry","entry","no-media"],"_links":{"self":[{"href":"https:\/\/charitablehealth.kaiserpermanente.org\/colorado-espanol\/wp-json\/wp\/v2\/pages\/243","targetHints":{"allow":["GET"]}}],"collection":[{"href":"https:\/\/charitablehealth.kaiserpermanente.org\/colorado-espanol\/wp-json\/wp\/v2\/pages"}],"about":[{"href":"https:\/\/charitablehealth.kaiserpermanente.org\/colorado-espanol\/wp-json\/wp\/v2\/types\/page"}],"author":[{"embeddable":true,"href":"https:\/\/charitablehealth.kaiserpermanente.org\/colorado-espanol\/wp-json\/wp\/v2\/users\/2"}],"replies":[{"embeddable":true,"href":"https:\/\/charitablehealth.kaiserpermanente.org\/colorado-espanol\/wp-json\/wp\/v2\/comments?post=243"}],"version-history":[{"count":0,"href":"https:\/\/charitablehealth.kaiserpermanente.org\/colorado-espanol\/wp-json\/wp\/v2\/pages\/243\/revisions"}],"wp:attachment":[{"href":"https:\/\/charitablehealth.kaiserpermanente.org\/colorado-espanol\/wp-json\/wp\/v2\/media?parent=243"}],"curies":[{"name":"wp","href":"https:\/\/api.w.org\/{rel}","templated":true}]}}