 {"id":22,"date":"2017-08-30T19:12:03","date_gmt":"2017-08-30T19:12:03","guid":{"rendered":"https:\/\/charitablehealth.kaiserpermanente.org\/northern-california\/?page_id=22"},"modified":"2026-04-02T19:32:35","modified_gmt":"2026-04-02T19:32:35","slug":"elegibilidad","status":"publish","type":"page","link":"https:\/\/charitablehealth.kaiserpermanente.org\/colorado-bridge-espanol\/elegibilidad\/","title":{"rendered":"Elegibilidad"},"content":{"rendered":"<div class=\"wpb-content-wrapper\">[vc_row center_row=&#8221;yes&#8221; bg_type=&#8221;no_bg&#8221; bg_grad=&#8221;background: -webkit-gradient(linear, left top, left bottom, color-stop(0%, #FBFBFB), color-stop(50%, #E3E3E3), color-stop(100%, #C2C2C2));background: -moz-linear-gradient(top,#FBFBFB 0%,#E3E3E3 50%,#C2C2C2 100%);background: -webkit-linear-gradient(top,#FBFBFB 0%,#E3E3E3 50%,#C2C2C2 100%);background: -o-linear-gradient(top,#FBFBFB 0%,#E3E3E3 50%,#C2C2C2 100%);background: -ms-linear-gradient(top,#FBFBFB 0%,#E3E3E3 50%,#C2C2C2 100%);background: linear-gradient(top,#FBFBFB 0%,#E3E3E3 50%,#C2C2C2 100%);&#8221; bg_image_repeat=&#8221;no-repeat&#8221; bg_image_size=&#8221;cover&#8221; bg_img_attach=&#8221;fixed&#8221; parallax_sense=&#8221;30&#8243; animation_direction=&#8221;left-animation&#8221; animation_repeat=&#8221;repeat&#8221; bg_override=&#8221;0&#8243; parallax_content_sense=&#8221;30&#8243; fadeout_start_effect=&#8221;30&#8243; overlay_pattern_opacity=&#8221;80&#8243; seperator_type=&#8221;none_seperator&#8221; seperator_position=&#8221;top_seperator&#8221; seperator_shape_size=&#8221;40&#8243; seperator_svg_height=&#8221;60&#8243; seperator_shape_background=&#8221;#ffffff&#8221; seperator_shape_border=&#8221;none&#8221; seperator_shape_border_width=&#8221;1&#8243; icon_type=&#8221;no_icon&#8221; icon_size=&#8221;32&#8243; icon_style=&#8221;none&#8221; icon_color_border=&#8221;#333333&#8243; icon_border_size=&#8221;1&#8243; icon_border_radius=&#8221;500&#8243; icon_border_spacing=&#8221;50&#8243; img_width=&#8221;48&#8243; css=&#8221;.vc_custom_1727380848108{background-image: url(https:\/\/charitablehealth.kaiserpermanente.org\/colorado-bridge-espanol\/wp-content\/uploads\/sites\/23\/2024\/09\/img_family_sitting_together_helping_daughter_draw.jpg?id=512) !important;background-position: center !important;background-repeat: no-repeat !important;background-size: cover !important;}&#8221; el_class=&#8221;home-widephoto&#8221;][vc_column][\/vc_column][\/vc_row][vc_row center_row=&#8221;yes&#8221; el_class=&#8221;block-gb&#8221;][vc_column width=&#8221;2\/3&#8243;][vc_column_text css=&#8221;&#8221;]\n<h1>Requisitos para Community Health Coverage Program (CHCP)<\/h1>\n<p>Es posible que re\u00fana los requisitos si cumple con lo siguiente:<\/p>\n<ul>\n<li>Viven en el \u00e1rea de servicio de Kaiser Foundation Health Plan of Colorado.\n<ul>\n<li>Debe vivir en el condado de Adams, Arapahoe, Boulder, Broomfield, Denver, Douglas, Jefferson o Weld.<\/li>\n<\/ul>\n<\/li>\n<li>El ingreso de su hogar no es m\u00e1s que 3 veces el nivel federal de pobreza (por ejemplo, hasta $46,950 para una sola persona o $96,450 para una familia de 4 en 2025).<\/li>\n<li>No son elegibles para otra cobertura de salud p\u00fablica o privada como, entre otros, Health First Colorado (el programa de Medicaid de Colorado), Medicare, Child Health Plan <em>Plus<\/em> (CHP+), un plan de salud econ\u00f3mico patrocinado por el empleador o ayuda financiera por medio de Connect for Health Colorado.<\/li>\n<li>A partir del 1 de enero de 2025, todos los ni\u00f1os y ni\u00f1as que vivan en hogares con ingresos de hasta el 265 % del nivel federal de pobreza son elegibles para Health First Colorado\/CHP+, independientemente de su estado migratorio.<\/li>\n<li>En la mayor\u00eda de los casos, los hijos dependientes deben ser menores de 26\u00a0a\u00f1os.<\/li>\n<li>Las personas mayores de 21\u00a0a\u00f1os pueden recibir el subsidio del CHCP por un m\u00e1ximo de 3\u00a0a\u00f1os consecutivos. Los dependientes elegibles pueden seguir recibiendo el subsidio hasta que cumplan 21\u00a0a\u00f1os, sin importar cu\u00e1nto tiempo hayan estado en el programa.<\/li>\n<li>El subsidio del CHCP se ofrece como recurso por \u00fanica vez, y todos los miembros deben volver a solicitarlo cada a\u00f1o. Los miembros que no renueven la solicitud en a\u00f1os consecutivos perder\u00e1n la elegibilidad a futuro.<\/li>\n<\/ul>\n<table style=\"border: 1px solid #666666\">\n<tbody>\n<tr>\n<th style=\"padding: 10px\"><strong>Hogar\/Tama\u00f1o de familia<\/strong><\/th>\n<th style=\"padding: 10px\"><strong>El ingreso mensual familiar no mayor a*:<\/strong><\/th>\n<th style=\"padding: 10px\"><strong>El ingreso anual familiar no mayor a*:<\/strong><\/th>\n<\/tr>\n<tr style=\"border-bottom: 1px solid #666666;border-top: 1px solid #666666\">\n<td style=\"padding: 10px\">1<\/td>\n<td style=\"padding: 10px\">$3,990<\/td>\n<td style=\"padding: 10px\">$47,880<\/td>\n<\/tr>\n<tr>\n<td style=\"padding: 10px\">2<\/td>\n<td style=\"padding: 10px\">$5,410<\/td>\n<td style=\"padding: 10px\">$64,920<\/td>\n<\/tr>\n<tr>\n<td style=\"padding: 10px\">3<\/td>\n<td style=\"padding: 10px\">$6,830<\/td>\n<td style=\"padding: 10px\">$81,960<\/td>\n<\/tr>\n<tr>\n<td style=\"padding: 10px\">4<\/td>\n<td style=\"padding: 10px\">$8,250<\/td>\n<td style=\"padding: 10px\">$99,000<\/td>\n<\/tr>\n<tr>\n<td style=\"padding: 10px\">5<\/td>\n<td style=\"padding: 10px\">$9,670<\/td>\n<td style=\"padding: 10px\">$116,040<\/td>\n<\/tr>\n<tr>\n<td style=\"padding: 10px\">6<\/td>\n<td style=\"padding: 10px\">$11,090<\/td>\n<td style=\"padding: 10px\">$133,080<\/td>\n<\/tr>\n<\/tbody>\n<\/table>\n<p><em>*Efectivo 1\/4\/2026 \u2013 31\/3\/2027<\/em><\/p>\n<h2>\u00c1reas de servicio de Kaiser Permanente<\/h2>\n<p>Debe vivir en un \u00e1rea de servicio de Kaiser Permanente para calificar para CHCP.<\/p>\n<ul>\n<li><a href=\"https:\/\/espanol.kaiserpermanente.org\/es\/colorado\/doctors-locations#\/simple-form\" target=\"_blank\" rel=\"noopener noreferrer\">Encuentre m\u00e9dicos y centros de atenci\u00f3n<\/a><\/li>\n<\/ul>\n<p><a name=\"options\"><\/a><\/p>\n<div class=\"hr-blue\"><\/div>\n[\/vc_column_text][vc_column_text css=&#8221;&#8221; el_class=&#8221;calloutbox&#8221;]Revisamos la elegibilidad de cada miembro para CHCP mediante un formulario que le enviamos de forma regular para confirmar el ingreso familiar y otra informaci\u00f3n. Si ya no cumple los requisitos de elegibilidad, se cancelar\u00e1 su afiliaci\u00f3n al CHCP. Permanecer\u00e1 inscrito en el plan KP CO Gold 0\/25 RX Copay, pero usted ser\u00e1 responsable de pagar la totalidad de las primas mensuales y los gastos de bolsillo, a menos que nos solicite cancelar su membres\u00eda o hasta que no pague la prima completa.[\/vc_column_text][vc_column_text css=&#8221;&#8221;]\n<div class=\"hr-blue\"><\/div>\n<h2>Otras opciones de cobertura de Kaiser Permanente<\/h2>\n<p>Si no cumple con los requisitos del CHCP, podr\u00eda recibir ayuda financiera del gobierno para obtener una cobertura de salud asequible para usted y su familia. Otras opciones de cobertura de salud de Kaiser Permanente incluyen:<\/p>\n<h3>Health First Colorado (el programa de Medicaid de Colorado)<\/h3>\n<p><strong>Es posible que sea elegible para Health First Colorado (el programa de Medicaid de Colorado) o el Child Health Plan <em>Plus<\/em> (CHP+) si:<br \/>\n<\/strong><\/p>\n<ul>\n<li>Es mayor de 19 a\u00f1os y sus ingresos familiares totales son o est\u00e1n por debajo del 138 % del nivel federal de pobreza (por ejemplo: $21,597 para una persona o $44,367 para una familia de 4 en 2025).<\/li>\n<li>Tiene menos de 19 a\u00f1os y sus ingresos familiares totales son o est\u00e1n por debajo del 266 % del nivel federal de pobreza (por ejemplo, $85,519 para una familia de 4 en 2025).<\/li>\n<\/ul>\n<p><a href=\"https:\/\/kp.org\/medicaid\/co\/es\" target=\"_blank\" rel=\"noopener noreferrer\">Obtenga m\u00e1s informaci\u00f3n sobre Health First Colorado (el programa de Medicaid del Colorado) o Child Health Plan <em>Plus<\/em> (CHP+) con Kaiser Permanente<\/a><\/p>\n<h3>Planes de cobertura de salud por medio de Connect for Health Colorado<\/h3>\n<p><strong>Puede comprar cobertura de atenci\u00f3n m\u00e9dica en el intercambio de beneficios de salud de Colorado, <a href=\"https:\/\/connectforhealthco.com\/es\/\" target=\"_blank\" rel=\"noopener\">Connect for Health Colorado<\/a>.<\/strong> Si califica, es posible que obtenga ayuda para pagar las primas de su plan o los gastos de bolsillo. Recuerde inscribirse durante el per\u00edodo de inscripci\u00f3n abierta de Connect for Health Colorado. Si espera hasta que el per\u00edodo de inscripci\u00f3n abierta haya terminado, necesitar\u00e1 que suceda un evento calificado de vida para inscribirse a un plan nuevo. Para obtener m\u00e1s informaci\u00f3n, visite: <a href=\"https:\/\/connectforhealthco.com\/es\/\" target=\"_blank\" rel=\"noopener\">ConnectforHealthCO.com<\/a><\/p>\n<h3>Hay otros planes disponibles<\/h3>\n<p><strong>Ll\u00e1menos al 1-800-488-3590 (TTY 711)<\/strong> o visite <a href=\"https:\/\/connectforhealthco.com\/es\/\" target=\"_blank\" rel=\"noopener\">ConnectforHealthCO.com<\/a>\u00a0para obtener informaci\u00f3n sobre otras opciones del plan Kaiser Permanente for Individuals and Families.<\/p>\n<p><strong>Considere Medicare<\/strong>, un programa federal disponible para las personas mayores de 65 a\u00f1os. Existen distintos per\u00edodos en los que podr\u00eda ser elegible para inscribirse en un plan de salud de Medicare. Visite <a href=\"http:\/\/kp.org\/medicare\/es\" target=\"_blank\" rel=\"noopener\">kp.org\/medicare\/es<\/a> para obtener m\u00e1s informaci\u00f3n. Si tiene ingresos familiares limitados, es posible que re\u00fana los requisitos para Health First Colorado (el programa de Medicaid de Colorado) o Child Health Plan <em>Plus<\/em> (CHP+). Visite <a href=\"https:\/\/kp.org\/medicaid\/co\/es\" target=\"_blank\" rel=\"noopener\">kp.org\/medicaid\/co\/es<\/a> para obtener m\u00e1s informaci\u00f3n.[\/vc_column_text]<div class=\"vcex-spacing wpex-w-100 wpex-clear\"><\/div>[vc_column_text css=&#8221;&#8221;]*No se garantiza la continuidad de la elegibilidad para CHCP. Nos reservamos el derecho de cerrar la inscripci\u00f3n o de cambiar las reglas de elegibilidad del CHCP en cualquier momento. Si le aceptan en CHCP, el per\u00edodo de subsidio es limitado, y m\u00e1s adelante nos comunicaremos con usted para confirmar que todav\u00eda re\u00fana los requisitos.[\/vc_column_text][\/vc_column][vc_column width=&#8221;1\/3&#8243;]<div class=\"templatera_shortcode\"><div class=\"vc_row wpb_row vc_row-fluid wpex-relative\"><div class=\"wpb_column vc_column_container vc_col-sm-12\"><div class=\"vc_column-inner\"><div class=\"wpb_wrapper\">\n\t<div class=\"wpb_text_column wpb_content_element boxed\" >\n\t\t<div class=\"wpb_wrapper\">\n\t\t\t<p><strong>\u00bfTiene preguntas sobre CHCP?<\/strong><\/p>\n<p>Ll\u00e1menos a la l\u00ednea telef\u00f3nica gratuita al<\/p>\n<p><b>1-800-632-9700<\/b> (TTY <b>711<\/b>)<\/p>\n<p>de lunes a viernes de<br \/>\n8 a. m. a 6 p. m. hora de la Monta\u00f1a<br \/>\n(cerrado los principales d\u00edas festivos)<\/p>\n<p><a href=\"https:\/\/espanol.kaiserpermanente.org\/es\/doctors-locations#\/selectregion\" target=\"_blank\" rel=\"noopener\">O visite su centro de Kaiser Permanente m\u00e1s cercano.<\/a><\/p>\n\n\t\t<\/div>\n\t<\/div>\n<\/div><\/div><\/div><\/div><\/div>[\/vc_column][\/vc_row]\n<\/div>","protected":false},"excerpt":{"rendered":"Requisitos para Community Health Coverage Program (CHCP) Es posible que re\u00fana los requisitos si cumple con lo siguiente: Viven en el \u00e1rea de servicio de Kaiser Foundation Health Plan of Colorado. Debe vivir en el condado de Adams, Arapahoe, Boulder, Broomfield, Denver, Douglas, Jefferson o Weld. El ingreso de su hogar no es m\u00e1s que&hellip;","protected":false},"author":2,"featured_media":0,"parent":0,"menu_order":0,"comment_status":"closed","ping_status":"closed","template":"","meta":{"inline_featured_image":false,"footnotes":""},"class_list":["post-22","page","type-page","status-publish","hentry","entry","no-media"],"_links":{"self":[{"href":"https:\/\/charitablehealth.kaiserpermanente.org\/colorado-bridge-espanol\/wp-json\/wp\/v2\/pages\/22","targetHints":{"allow":["GET"]}}],"collection":[{"href":"https:\/\/charitablehealth.kaiserpermanente.org\/colorado-bridge-espanol\/wp-json\/wp\/v2\/pages"}],"about":[{"href":"https:\/\/charitablehealth.kaiserpermanente.org\/colorado-bridge-espanol\/wp-json\/wp\/v2\/types\/page"}],"author":[{"embeddable":true,"href":"https:\/\/charitablehealth.kaiserpermanente.org\/colorado-bridge-espanol\/wp-json\/wp\/v2\/users\/2"}],"replies":[{"embeddable":true,"href":"https:\/\/charitablehealth.kaiserpermanente.org\/colorado-bridge-espanol\/wp-json\/wp\/v2\/comments?post=22"}],"version-history":[{"count":0,"href":"https:\/\/charitablehealth.kaiserpermanente.org\/colorado-bridge-espanol\/wp-json\/wp\/v2\/pages\/22\/revisions"}],"wp:attachment":[{"href":"https:\/\/charitablehealth.kaiserpermanente.org\/colorado-bridge-espanol\/wp-json\/wp\/v2\/media?parent=22"}],"curies":[{"name":"wp","href":"https:\/\/api.w.org\/{rel}","templated":true}]}}