 {"id":8,"date":"2017-08-30T18:50:05","date_gmt":"2017-08-30T18:50:05","guid":{"rendered":"https:\/\/charitablehealth.kaiserpermanente.org\/nothern-california\/?page_id=8"},"modified":"2025-10-31T23:14:08","modified_gmt":"2025-10-31T23:14:08","slug":"beneficios","status":"publish","type":"page","link":"https:\/\/charitablehealth.kaiserpermanente.org\/california-espanol\/beneficios\/","title":{"rendered":"Beneficios"},"content":{"rendered":"<div class=\"wpb-content-wrapper\">[vc_row center_row=&#8221;yes&#8221; bg_type=&#8221;no_bg&#8221; bg_grad=&#8221;background: -webkit-gradient(linear, left top, left bottom, color-stop(0%, #FBFBFB), color-stop(50%, #E3E3E3), color-stop(100%, #C2C2C2));background: -moz-linear-gradient(top,#FBFBFB 0%,#E3E3E3 50%,#C2C2C2 100%);background: -webkit-linear-gradient(top,#FBFBFB 0%,#E3E3E3 50%,#C2C2C2 100%);background: -o-linear-gradient(top,#FBFBFB 0%,#E3E3E3 50%,#C2C2C2 100%);background: -ms-linear-gradient(top,#FBFBFB 0%,#E3E3E3 50%,#C2C2C2 100%);background: linear-gradient(top,#FBFBFB 0%,#E3E3E3 50%,#C2C2C2 100%);&#8221; bg_image_repeat=&#8221;no-repeat&#8221; bg_image_size=&#8221;cover&#8221; bg_img_attach=&#8221;fixed&#8221; parallax_sense=&#8221;30&#8243; animation_direction=&#8221;left-animation&#8221; animation_repeat=&#8221;repeat&#8221; bg_override=&#8221;0&#8243; parallax_content_sense=&#8221;30&#8243; fadeout_start_effect=&#8221;30&#8243; overlay_pattern_opacity=&#8221;80&#8243; seperator_type=&#8221;none_seperator&#8221; seperator_position=&#8221;top_seperator&#8221; seperator_shape_size=&#8221;40&#8243; seperator_svg_height=&#8221;60&#8243; seperator_shape_background=&#8221;#ffffff&#8221; seperator_shape_border=&#8221;none&#8221; seperator_shape_border_width=&#8221;1&#8243; icon_type=&#8221;no_icon&#8221; icon_size=&#8221;32&#8243; icon_style=&#8221;none&#8221; icon_color_border=&#8221;#333333&#8243; icon_border_size=&#8221;1&#8243; icon_border_radius=&#8221;500&#8243; icon_border_spacing=&#8221;50&#8243; img_width=&#8221;48&#8243; css=&#8221;.vc_custom_1700865621463{background-image: url(https:\/\/charitablehealth.kaiserpermanente.org\/california-espanol\/wp-content\/uploads\/sites\/12\/2017\/08\/girl.jpg?id=122) !important;background-position: center !important;background-repeat: no-repeat !important;background-size: cover !important;}&#8221; el_class=&#8221;home-widephoto&#8221;][vc_column][\/vc_column][\/vc_row][vc_row center_row=&#8221;yes&#8221;][vc_column width=&#8221;2\/3&#8243;][vc_column_text css=&#8221;&#8221;]\n<h1>Conozca los beneficios del Community Health Coverage Program (CHCP)<\/h1>\n<p>CHCP proporciona cobertura m\u00e9dica para ni\u00f1os y adultos j\u00f3venes que califican y que no tienen acceso a otras coberturas.<\/p>\n<p>Miembros del CHCP:<\/p>\n<ul>\n<li>Est\u00e1n inscritos en el plan Kaiser Permanente Platinum 90 HMO.<\/li>\n<li>No pagan ninguna prima mensual.<\/li>\n<li>No pagan gastos de bolsillo por la mayor\u00eda de los servicios cubiertos en los centros m\u00e9dicos de Kaiser Permanente.<\/li>\n<\/ul>\n[\/vc_column_text][vc_column_text css=&#8221;&#8221;]\n<div class=\"hr-blue\"><\/div>\n<p>Una vez que sea miembro de Kaiser Permanente, usted podr\u00e1:<\/p>\n<ul>\n<li>Programar una videoconsulta cara a cara o una consulta por tel\u00e9fono con un m\u00e9dico de Kaiser Permanente (1)<\/li>\n<li>Aadministrar su salud las 24 horas del d\u00eda, los 7 d\u00edas de la semana: hacer citas, enviar correos electr\u00f3nicos al consultorio de su m\u00e9dico con preguntas que no sean urgentes, solicitar que le vuelvan a surtir la mayor\u00eda de los medicamentos, consultar la mayor\u00eda de los resultados de las pruebas, leer las notas de su m\u00e9dico y mucho m\u00e1s; (2)<\/li>\n<li>Obtener apoyo para una amplia variedad de condiciones, como la ansiedad y la depresi\u00f3n, dentro de Kaiser Permanente con un gasto de bolsillo de $0; no es necesaria una referencia.<\/li>\n<li>Ahorre tiempo al contar con muchos servicios en un mismo lugar, como radiograf\u00edas y farmacia. <a href=\"https:\/\/healthy.kaiserpermanente.org\/northern-california\/doctors-locations#\/simple-form\">Obtenga m\u00e1s informaci\u00f3n sobre c\u00f3mo encontrar m\u00e9dicos y centros de atenci\u00f3n en el Norte de California aqu\u00ed<\/a> y en <a href=\"https:\/\/healthy.kaiserpermanente.org\/southern-california\/doctors-locations#\/simple-form\">el Sur de California aqu\u00ed<\/a><\/li>\n<\/ul>\n<p>&nbsp;<\/p>\n<p><em style=\"color: var(--wpex-text-2);font-family: var(--wpex-body-font-family, var(--wpex-font-sans));font-size: var(--wpex-body-font-size, 13px)\">(1) Cuando corresponda y est\u00e9n disponibles. Si viaja fuera del estado, es posible que las consultas por tel\u00e9fono y las videoconsultas no est\u00e9n disponibles debido a leyes estatales que pueden impedir que los m\u00e9dicos brinden atenci\u00f3n en otros estados. Las leyes var\u00edan seg\u00fan el estado.<\/em><\/p>\n<p><em style=\"color: var(--wpex-text-2);font-family: var(--wpex-body-font-family, var(--wpex-font-sans));font-size: var(--wpex-body-font-size, 13px)\">(2) Estas opciones est\u00e1n disponibles cuando recibe atenci\u00f3n en los centros de Kaiser Permanente. Para usar la aplicaci\u00f3n de Kaiser Permanente, debe estar registrado como miembro en kp.org\/espanol. Los padres que usan las funciones en l\u00ednea para un hijo deben saber que se modifica el acceso en l\u00ednea cuando el ni\u00f1o cumple 12 a\u00f1os debido a las leyes estatales de privacidad.<\/em><\/p>\n<h3>Detalles de los beneficios<\/h3>\n<p>Con el programa CHCP, usted est\u00e1 inscrito en el plan de salud Platinum 90 HMO de Kaiser Permanente. Este plan incluye muchos beneficios, como atenci\u00f3n preventiva, medicamentos y cobertura dental pedi\u00e1trica y servicios para la vista (hasta los 19 a\u00f1os).<\/p>\n<p>Para m\u00e1s informaci\u00f3n sobre los beneficios del plan de salud Platinum 90 HMO de Kaiser Permanente, consulte el <a href=\"https:\/\/charitablehealth.kaiserpermanente.org\/california-espanol\/wp-content\/uploads\/sites\/12\/2025\/10\/40513CA0380001-00-es-2026.pdf\" target=\"_blank\" rel=\"noopener\">Resumen de beneficios y cobertura<\/a>\u00a0para conocer las caracter\u00edsticas principales del plan.<\/p>\n<ul>\n<li>Tambi\u00e9n puede obtener una copia impresa sin cargo llamando a Servicio a los Miembros al <strong>1-800-464-4000<\/strong>, en cualquier momento.<\/li>\n<li>Necesitar\u00e1 el nombre del plan, que figura m\u00e1s arriba.<\/li>\n<li>Tambi\u00e9n puede consultar el <a href=\"https:\/\/charitablehealth.kaiserpermanente.org\/california-espanol\/wp-content\/uploads\/sites\/12\/2025\/10\/2026-Kaiser-Permanente-Platinum-90-HMO_FINAL_SP_ADA.pdf\" target=\"_blank\" rel=\"noopener\">Acuerdo de Membres\u00eda Combinado, Formulario de Revelaci\u00f3n y Evidencia de Cobertura<\/a>\u00a0para el plan Platinum 90 HMO de Kaiser Permanente, que brinda informaci\u00f3n detallada sobre el plan.<\/li>\n<\/ul>\n[\/vc_column_text][vc_column_text el_class=&#8221;calloutbox&#8221;]<b>Nota:\u00a0<\/b>Estos documentos muestran copagos por los servicios recibidos con el plan Platinum 90 HMO de Kaiser Permanente. <strong>Si usted tiene cobertura del CHCP, no se aplicar\u00e1n los copagos contenidos en estos documentos para la mayor\u00eda de la atenci\u00f3n en los centros de atenci\u00f3n de KP.<\/strong>[\/vc_column_text]<div class=\"vcex-spacing wpex-w-100 wpex-clear\"><\/div>[vc_column_text css=&#8221;&#8221;]* No se garantiza la continuidad de la elegibilidad para CHCP. Nos reservamos el derecho de cancelar su inscripci\u00f3n o de cambiar las reglas de elegibilidad para CHCP en cualquier momento. Si lo aceptan en CHCP, el periodo de subsidio es limitado y m\u00e1s adelante nos comunicaremos con usted para confirmar que todav\u00eda re\u00fane los requisitos.[\/vc_column_text][\/vc_column][vc_column width=&#8221;1\/3&#8243;]<div class=\"templatera_shortcode\"><div class=\"vc_row wpb_row vc_row-fluid wpex-relative\"><div class=\"wpb_column vc_column_container vc_col-sm-12\"><div class=\"vc_column-inner\"><div class=\"wpb_wrapper\">\n\t<div class=\"wpb_text_column wpb_content_element boxed\" >\n\t\t<div class=\"wpb_wrapper\">\n\t\t\t<p><a href=\"https:\/\/charitablehealth.kaiserpermanente.org\/california-espanol\/ayuda\/\">Busque una organizaci\u00f3n cerca de usted que le pueda ayudar a completar la solicitud CHCP<\/a><\/p>\n<p><b>\u00bfTiene preguntas sobre CHCP?<\/b><\/p>\n<p>Ll\u00e1menos sin costo al<\/p>\n<p><strong>1-800-464-4000<\/strong> (TTY <strong>711<\/strong>)<\/p>\n<p>las 24 horas del d\u00eda, los 7 d\u00edas de la semana<br \/>\n(cerrado los principales d\u00edas festivos)<\/p>\n\n\t\t<\/div>\n\t<\/div>\n<\/div><\/div><\/div><\/div><\/div>[\/vc_column][\/vc_row]\n<\/div>","protected":false},"excerpt":{"rendered":"Conozca los beneficios del Community Health Coverage Program (CHCP) CHCP proporciona cobertura m\u00e9dica para ni\u00f1os y adultos j\u00f3venes que califican y que no tienen acceso a otras coberturas. Miembros del CHCP: Est\u00e1n inscritos en el plan Kaiser Permanente Platinum 90 HMO. No pagan ninguna prima mensual. No pagan gastos de bolsillo por la mayor\u00eda de&hellip;","protected":false},"author":2,"featured_media":0,"parent":0,"menu_order":0,"comment_status":"closed","ping_status":"closed","template":"","meta":{"inline_featured_image":false,"footnotes":""},"class_list":["post-8","page","type-page","status-publish","hentry","entry","no-media"],"_links":{"self":[{"href":"https:\/\/charitablehealth.kaiserpermanente.org\/california-espanol\/wp-json\/wp\/v2\/pages\/8","targetHints":{"allow":["GET"]}}],"collection":[{"href":"https:\/\/charitablehealth.kaiserpermanente.org\/california-espanol\/wp-json\/wp\/v2\/pages"}],"about":[{"href":"https:\/\/charitablehealth.kaiserpermanente.org\/california-espanol\/wp-json\/wp\/v2\/types\/page"}],"author":[{"embeddable":true,"href":"https:\/\/charitablehealth.kaiserpermanente.org\/california-espanol\/wp-json\/wp\/v2\/users\/2"}],"replies":[{"embeddable":true,"href":"https:\/\/charitablehealth.kaiserpermanente.org\/california-espanol\/wp-json\/wp\/v2\/comments?post=8"}],"version-history":[{"count":0,"href":"https:\/\/charitablehealth.kaiserpermanente.org\/california-espanol\/wp-json\/wp\/v2\/pages\/8\/revisions"}],"wp:attachment":[{"href":"https:\/\/charitablehealth.kaiserpermanente.org\/california-espanol\/wp-json\/wp\/v2\/media?parent=8"}],"curies":[{"name":"wp","href":"https:\/\/api.w.org\/{rel}","templated":true}]}}